{"id":989,"date":"2012-04-13T10:10:20","date_gmt":"2012-04-13T08:10:20","guid":{"rendered":"http:\/\/www.moharen.se\/?page_id=989"},"modified":"2023-12-31T10:49:19","modified_gmt":"2023-12-31T09:49:19","slug":"hansjons-queen-enja-hansjo","status":"publish","type":"page","link":"https:\/\/www.moharen.se\/?page_id=989","title":{"rendered":"SE J(L\u00f6)CH SE UCH H\u00e4nsj\u00f6ns Queen (Enja)"},"content":{"rendered":"<p><span style=\"font-weight: bold;\"><a href=\"http:\/\/www.alghundklubben.com\/_jyckedata\/Jyckeval.asp?Regnummer=%20SE21968\/2012\" target=\"_blank\" rel=\"noopener\">H\u00e4nsj\u00f6ns Queen SE21968\/2012<\/a><\/span><\/p>\n<div id=\"attachment_1800\" style=\"width: 510px\" class=\"wp-caption alignnone\"><a href=\"http:\/\/www.moharen.se\/wp-content\/uploads\/2012\/04\/Enja1.jpg\"><img aria-describedby=\"caption-attachment-1800\" decoding=\"async\" loading=\"lazy\" class=\"size-medium wp-image-1800\" src=\"http:\/\/www.moharen.se\/wp-content\/uploads\/2012\/04\/Enja1-500x364.jpg\" alt=\"Enja 4 \u00e5r\" width=\"500\" height=\"364\" srcset=\"https:\/\/www.moharen.se\/wp-content\/uploads\/2012\/04\/Enja1-500x364.jpg 500w, https:\/\/www.moharen.se\/wp-content\/uploads\/2012\/04\/Enja1-1024x746.jpg 1024w\" sizes=\"(max-width: 500px) 100vw, 500px\" \/><\/a><p id=\"caption-attachment-1800\" class=\"wp-caption-text\">Enja 4 \u00e5r<\/p><\/div>\n<div id=\"attachment_1399\" style=\"width: 510px\" class=\"wp-caption alignnone\"><img aria-describedby=\"caption-attachment-1399\" decoding=\"async\" loading=\"lazy\" class=\"size-medium wp-image-1399\" title=\"IMG_2291\" src=\"http:\/\/www.moharen.se\/wp-content\/uploads\/2013\/05\/IMG_2291-500x367.jpg\" alt=\"\" width=\"500\" height=\"367\" srcset=\"https:\/\/www.moharen.se\/wp-content\/uploads\/2013\/05\/IMG_2291-500x367.jpg 500w, https:\/\/www.moharen.se\/wp-content\/uploads\/2013\/05\/IMG_2291-1024x751.jpg 1024w, https:\/\/www.moharen.se\/wp-content\/uploads\/2013\/05\/IMG_2291.jpg 2000w\" sizes=\"(max-width: 500px) 100vw, 500px\" \/><p id=\"caption-attachment-1399\" class=\"wp-caption-text\">Enja, 14,5 m\u00e5nader<\/p><\/div>\n<p>Fader: <a href=\"http:\/\/www.alghundklubben.com\/_jyckedata\/Jyckeval.asp?Regnummer=%20S31439\/2008\" target=\"_blank\" rel=\"noopener\">SE J(L\u00d6)CH SE UCH F\u00e4llestrands Bonzo S31439\/2008<br \/>\n<\/a>Moder: <a href=\"http:\/\/www.alghundklubben.com\/_jyckedata\/Jyckeval.asp?Regnummer=%20SE23096\/2010\" target=\"_blank\" rel=\"noopener\">NORD J(L\u00d6)CH H\u00e4nsj\u00f6ns Kiwi SE23096\/2010<\/a><\/p>\n<p>H\u00e4nsj\u00f6ns Queen st\u00e5r det i stamtavlan men h\u00e4r hemma g\u00e5r hon under namnet Enja. En v\u00e4ldigt trevlig och framf\u00f6rallt social och mycket glad valp.<\/p>\n<p>Enja f\u00f6r delvis samma linjer som v\u00e5r egen Birka d\u00e5 hennes far \u00e4r ett av Birkas kullsyskon som g\u00e5tt mycket bra i skogen. N\u00e4r SJ(L\u00d6)CH SUCH F\u00e4llestrands Bonzo, fick para n\u00e5gra riktigt bra tikar var det inte sv\u00e5rt val att st\u00e4lla sig i k\u00f6 p\u00e5 en av dom. Den som tilltalade mest var den f\u00f6rsta som parades, n\u00e4mligen NORD J(L\u00d6)CH H\u00e4nsj\u00f6ns Kiwi<\/p>\n<p>Att det var just den som f\u00f6ll mig mest i smaken finns flera anledningar till. Dels \u00e4r tiklinjen mycket stark n\u00e4r det g\u00e4ller den jaktliga biten. Tidigt jagande hundar och bra bredd i kullarna. Kiwi som \u00e4r f\u00f6dd v\u00e5ren 2010 gjorde klart sitt Svenska JCH redan den 2:a september 2011, lite drygt ett och ett halvt \u00e5r gammal. Sitt Nordiska championat fixade hon s\u00e5 att det var klart i god tid innan hon blev tv\u00e5 \u00e5r (Kiwi blev d\u00e4rmed tredje generationen i f\u00f6ljd som \u00e4r Nordisk jaktchampion). Samtliga av hennes kullsyskon \u00e4r dessutom startade p\u00e5 prov och alla utom en har g\u00e5tt till pris.<\/p>\n<p>En annan viktig del var ocks\u00e5 att Kiwis far \u00e4r Reces Rio. Rio \u00e4r fortfarande sparsamt anv\u00e4nd i avel men resultaten hittills \u00e4r mycket bra och jag \u00e4r ganska s\u00e4ker p\u00e5 att han kommer att hamna v\u00e4ldigt h\u00f6gt i avelslistorna fram\u00f6ver.<\/p>\n<p>Ser man till stamtavlan s\u00e5 \u00e4r det sv\u00e5rt att \u00f6nska sig s\u00e5 mycket mer d\u00e5 de flesta av hundarna har visat fina avelsresultat med h\u00f6g procent meriterade avkommor. Bara att hoppas att Bonzo och Kiwi f\u00f6r arvet vidare.<\/p>\n<div id=\"attachment_1083\" style=\"width: 510px\" class=\"wp-caption alignnone\"><img aria-describedby=\"caption-attachment-1083\" decoding=\"async\" loading=\"lazy\" class=\"size-medium wp-image-1083\" title=\"queen\" src=\"http:\/\/www.moharen.se\/wp-content\/uploads\/2012\/04\/queen-500x362.jpg\" alt=\"\" width=\"500\" height=\"362\" srcset=\"https:\/\/www.moharen.se\/wp-content\/uploads\/2012\/04\/queen-500x362.jpg 500w, https:\/\/www.moharen.se\/wp-content\/uploads\/2012\/04\/queen-1024x741.jpg 1024w, https:\/\/www.moharen.se\/wp-content\/uploads\/2012\/04\/queen.jpg 2000w\" sizes=\"(max-width: 500px) 100vw, 500px\" \/><p id=\"caption-attachment-1083\" class=\"wp-caption-text\">Enja, fyra och en halv m\u00e5nad gammal<\/p><\/div>\n","protected":false},"excerpt":{"rendered":"<p>H\u00e4nsj\u00f6ns Queen SE21968\/2012 Fader: SE J(L\u00d6)CH SE UCH F\u00e4llestrands Bonzo S31439\/2008 Moder: NORD J(L\u00d6)CH H\u00e4nsj\u00f6ns Kiwi SE23096\/2010 H\u00e4nsj\u00f6ns Queen st\u00e5r det i stamtavlan men h\u00e4r hemma g\u00e5r hon under namnet Enja. En v\u00e4ldigt trevlig och framf\u00f6rallt social och mycket glad valp. Enja f\u00f6r delvis samma linjer som v\u00e5r egen Birka d\u00e5 hennes far \u00e4r ett [&hellip;]<\/p>\n","protected":false},"author":2,"featured_media":0,"parent":1269,"menu_order":11,"comment_status":"open","ping_status":"open","template":"","meta":{"_mi_skip_tracking":false,"ngg_post_thumbnail":0},"_links":{"self":[{"href":"https:\/\/www.moharen.se\/index.php?rest_route=\/wp\/v2\/pages\/989"}],"collection":[{"href":"https:\/\/www.moharen.se\/index.php?rest_route=\/wp\/v2\/pages"}],"about":[{"href":"https:\/\/www.moharen.se\/index.php?rest_route=\/wp\/v2\/types\/page"}],"author":[{"embeddable":true,"href":"https:\/\/www.moharen.se\/index.php?rest_route=\/wp\/v2\/users\/2"}],"replies":[{"embeddable":true,"href":"https:\/\/www.moharen.se\/index.php?rest_route=%2Fwp%2Fv2%2Fcomments&post=989"}],"version-history":[{"count":18,"href":"https:\/\/www.moharen.se\/index.php?rest_route=\/wp\/v2\/pages\/989\/revisions"}],"predecessor-version":[{"id":2621,"href":"https:\/\/www.moharen.se\/index.php?rest_route=\/wp\/v2\/pages\/989\/revisions\/2621"}],"up":[{"embeddable":true,"href":"https:\/\/www.moharen.se\/index.php?rest_route=\/wp\/v2\/pages\/1269"}],"wp:attachment":[{"href":"https:\/\/www.moharen.se\/index.php?rest_route=%2Fwp%2Fv2%2Fmedia&parent=989"}],"curies":[{"name":"wp","href":"https:\/\/api.w.org\/{rel}","templated":true}]}}