{"id":92,"date":"2010-05-16T17:04:22","date_gmt":"2010-05-16T15:04:22","guid":{"rendered":"http:\/\/www.moharen.se\/?page_id=92"},"modified":"2015-07-18T10:03:10","modified_gmt":"2015-07-18T08:03:10","slug":"grenasens-kelly","status":"publish","type":"page","link":"https:\/\/www.moharen.se\/?page_id=92","title":{"rendered":"Gren\u00e5sens Kelly"},"content":{"rendered":"<p>\u00c4ldsta hunden i flocken, hamiltonst\u00f6varen Gren\u00e5sen Kelly S31297\/2002. En h\u00e4rlig jakthund med mycket bra skall. Jagar endast hare och \u00e4r en tik med stor integritet och ett rej\u00e4lt hum\u00f6r.<\/p>\n<p><a href=\"http:\/\/www.moharen.se\/wp-content\/uploads\/2010\/05\/kelly_5982.jpg\"><img decoding=\"async\" loading=\"lazy\" class=\"alignnone size-full wp-image-93\" title=\"kelly_5982\" alt=\"\" src=\"http:\/\/www.moharen.se\/wp-content\/uploads\/2010\/05\/kelly_5982.jpg\" width=\"600\" height=\"402\" srcset=\"https:\/\/www.moharen.se\/wp-content\/uploads\/2010\/05\/kelly_5982.jpg 600w, https:\/\/www.moharen.se\/wp-content\/uploads\/2010\/05\/kelly_5982-300x201.jpg 300w\" sizes=\"(max-width: 600px) 100vw, 600px\" \/><\/a><\/p>\n<p>Kelly \u00e4r den vackraste st\u00f6varen vi haft och hon \u00e4r utst\u00e4lld en g\u00e5ng med resultatet 1 \u00d6kl, 2 \u00d6kk, CK, 4 Btkl. Av olika anledningar best\u00e4mdes det tidigt att Kelly inte skulle anv\u00e4ndas i avel och d\u00e4rf\u00f6r har intresset inte varit p\u00e5 topp f\u00f6r att komma ut p\u00e5 jaktprov med henne. Hon funkar annars mycket bra i skogen och vi skjuter varje \u00e5r en hel del hare f\u00f6r henne.<\/p>\n<p>Kelly bor och jagar numera i Norge och d\u00e4r kommer hon att stannar s\u00e5 l\u00e4nge hon lever. Dels hade hon lite sv\u00e5rt att fungera bra i hundflocken h\u00e4r hemma och min tid r\u00e4ckte helt enkelt inte till f\u00f6r att h\u00e5lla ig\u00e5ng en st\u00f6vare ocks\u00e5. Framtiden f\u00e5r utvisa om det blir n\u00e5gon mer st\u00f6vare p\u00e5 Moharens kennel.<\/p>\n","protected":false},"excerpt":{"rendered":"<p>\u00c4ldsta hunden i flocken, hamiltonst\u00f6varen Gren\u00e5sen Kelly S31297\/2002. En h\u00e4rlig jakthund med mycket bra skall. Jagar endast hare och \u00e4r en tik med stor integritet och ett rej\u00e4lt hum\u00f6r. Kelly \u00e4r den vackraste st\u00f6varen vi haft och hon \u00e4r utst\u00e4lld en g\u00e5ng med resultatet 1 \u00d6kl, 2 \u00d6kk, CK, 4 Btkl. Av olika anledningar best\u00e4mdes [&hellip;]<\/p>\n","protected":false},"author":2,"featured_media":0,"parent":1269,"menu_order":30,"comment_status":"open","ping_status":"open","template":"","meta":{"_mi_skip_tracking":false,"ngg_post_thumbnail":0},"_links":{"self":[{"href":"https:\/\/www.moharen.se\/index.php?rest_route=\/wp\/v2\/pages\/92"}],"collection":[{"href":"https:\/\/www.moharen.se\/index.php?rest_route=\/wp\/v2\/pages"}],"about":[{"href":"https:\/\/www.moharen.se\/index.php?rest_route=\/wp\/v2\/types\/page"}],"author":[{"embeddable":true,"href":"https:\/\/www.moharen.se\/index.php?rest_route=\/wp\/v2\/users\/2"}],"replies":[{"embeddable":true,"href":"https:\/\/www.moharen.se\/index.php?rest_route=%2Fwp%2Fv2%2Fcomments&post=92"}],"version-history":[{"count":4,"href":"https:\/\/www.moharen.se\/index.php?rest_route=\/wp\/v2\/pages\/92\/revisions"}],"predecessor-version":[{"id":1711,"href":"https:\/\/www.moharen.se\/index.php?rest_route=\/wp\/v2\/pages\/92\/revisions\/1711"}],"up":[{"embeddable":true,"href":"https:\/\/www.moharen.se\/index.php?rest_route=\/wp\/v2\/pages\/1269"}],"wp:attachment":[{"href":"https:\/\/www.moharen.se\/index.php?rest_route=%2Fwp%2Fv2%2Fmedia&parent=92"}],"curies":[{"name":"wp","href":"https:\/\/api.w.org\/{rel}","templated":true}]}}