{"id":72,"date":"2010-05-14T11:18:35","date_gmt":"2010-05-14T09:18:35","guid":{"rendered":"http:\/\/www.moharen.se\/?page_id=72"},"modified":"2010-05-14T11:19:26","modified_gmt":"2010-05-14T09:19:26","slug":"j-prov-0a-091207","status":"publish","type":"page","link":"https:\/\/www.moharen.se\/?page_id=72","title":{"rendered":"J-prov 0:a 091207"},"content":{"rendered":"<p>Andra jaktprovet f\u00f6r Birka resulterade i en 0:a. Trots det tycker jag sj\u00e4lv att hon gjorde ett riktigt bra jobb. F\u00f6rsta upptaget syns inte i jaktprovsprotokollet men redan p\u00e5 andra s\u00f6kturen h\u00e4nde n\u00e5got. S\u00e5g p\u00e5 pejlen att hon drog iv\u00e4g i mycket bra fart och totalt gjorde hon en sv\u00e4ng runt i s\u00e5ten och vidare in p\u00e5 grannmarken. Total f\u00f6rf\u00f6ljde hon denna sken\u00e4lg cirka tio kilometer. Kopplade henne p\u00e5 tillbakag\u00e5ng. Domaren kunde dock inte konstatera att hon hade varit efter \u00e4lg s\u00e5 d\u00e4rf\u00f6r syns det inte i protokollet.<\/p>\n<p>N\u00e4sta sl\u00e4pp s\u00e5 g\u00e5r hon ut n\u00e4stan direkt och efter en stund h\u00f6r jag n\u00e5got som kan varit ett skall cirka 500 meter bort. N\u00e5gon minut senare kommer en stor tjur och springer rakt p\u00e5 oss, den kastar och sekunderna senare kommer Birka i sp\u00e5ret och forts\u00e4tter att f\u00f6lja \u00e4lgen. N\u00e5gra hundra meter bort h\u00f6rs n\u00e5got enstaka skall och sedan h\u00e4nger p\u00e5 denna \u00e4lg i mer \u00e4n sju kilometer.<\/p>\n<p>Tredje sl\u00e4ppet s\u00e5 syns det att hon b\u00f6rjar bli lite sliten efter tv\u00e5 rej\u00e4la sken\u00e4lgar. G\u00e5r resten av provtiden utan att hitta mer \u00e4lg.<\/p>\n<p><a href=\"http:\/\/www.moharen.se\/wp-content\/uploads\/2010\/05\/jprov2.jpg\"><img decoding=\"async\" loading=\"lazy\" class=\"alignleft size-full wp-image-73\" title=\"jprov2\" src=\"http:\/\/www.moharen.se\/wp-content\/uploads\/2010\/05\/jprov2.jpg\" alt=\"\" width=\"600\" height=\"363\" srcset=\"https:\/\/www.moharen.se\/wp-content\/uploads\/2010\/05\/jprov2.jpg 600w, https:\/\/www.moharen.se\/wp-content\/uploads\/2010\/05\/jprov2-300x181.jpg 300w\" sizes=\"(max-width: 600px) 100vw, 600px\" \/><\/a><\/p>\n","protected":false},"excerpt":{"rendered":"<p>Andra jaktprovet f\u00f6r Birka resulterade i en 0:a. Trots det tycker jag sj\u00e4lv att hon gjorde ett riktigt bra jobb. F\u00f6rsta upptaget syns inte i jaktprovsprotokollet men redan p\u00e5 andra s\u00f6kturen h\u00e4nde n\u00e5got. S\u00e5g p\u00e5 pejlen att hon drog iv\u00e4g i mycket bra fart och totalt gjorde hon en sv\u00e4ng runt i s\u00e5ten och vidare [&hellip;]<\/p>\n","protected":false},"author":2,"featured_media":0,"parent":13,"menu_order":2,"comment_status":"open","ping_status":"open","template":"","meta":{"_mi_skip_tracking":false,"ngg_post_thumbnail":0},"_links":{"self":[{"href":"https:\/\/www.moharen.se\/index.php?rest_route=\/wp\/v2\/pages\/72"}],"collection":[{"href":"https:\/\/www.moharen.se\/index.php?rest_route=\/wp\/v2\/pages"}],"about":[{"href":"https:\/\/www.moharen.se\/index.php?rest_route=\/wp\/v2\/types\/page"}],"author":[{"embeddable":true,"href":"https:\/\/www.moharen.se\/index.php?rest_route=\/wp\/v2\/users\/2"}],"replies":[{"embeddable":true,"href":"https:\/\/www.moharen.se\/index.php?rest_route=%2Fwp%2Fv2%2Fcomments&post=72"}],"version-history":[{"count":2,"href":"https:\/\/www.moharen.se\/index.php?rest_route=\/wp\/v2\/pages\/72\/revisions"}],"predecessor-version":[{"id":75,"href":"https:\/\/www.moharen.se\/index.php?rest_route=\/wp\/v2\/pages\/72\/revisions\/75"}],"up":[{"embeddable":true,"href":"https:\/\/www.moharen.se\/index.php?rest_route=\/wp\/v2\/pages\/13"}],"wp:attachment":[{"href":"https:\/\/www.moharen.se\/index.php?rest_route=%2Fwp%2Fv2%2Fmedia&parent=72"}],"curies":[{"name":"wp","href":"https:\/\/api.w.org\/{rel}","templated":true}]}}