{"id":71,"date":"2010-05-14T10:59:43","date_gmt":"2010-05-14T08:59:43","guid":{"rendered":"http:\/\/www.moharen.se\/?page_id=71"},"modified":"2010-05-19T12:03:39","modified_gmt":"2010-05-19T10:03:39","slug":"vildrenjakt-2007","status":"publish","type":"page","link":"https:\/\/www.moharen.se\/?page_id=71","title":{"rendered":"Vildrenjakt 2007"},"content":{"rendered":"<p>H\u00f6sten 2007 hade jag f\u00f6rm\u00e5nen att f\u00e5 komma upp p\u00e5 fj\u00e4llet i Norge och jaga vildren. Det blev dagar som etsade sig fast i minnet och varje g\u00e5ng jag ser en bild fr\u00e5n dessa dagar kommer den h\u00e4rliga k\u00e4nslan tillbaka. Bara att hoppas det blir fler tillf\u00e4llen.<\/p>\n<p>Som synes p\u00e5 bilderna gick jakten bra och jag fick f\u00e4lla en fin ren. Dagarna kombinerades ocks\u00e5 med ripjakt med st\u00e5ende f\u00e5gelhund och det var som sagt n\u00e5gra fantastiska dagar, Tack till de som var med.<\/p>\n<p>inga bilder hittades<\/p>\n\n","protected":false},"excerpt":{"rendered":"<p>H\u00f6sten 2007 hade jag f\u00f6rm\u00e5nen att f\u00e5 komma upp p\u00e5 fj\u00e4llet i Norge och jaga vildren. Det blev dagar som etsade sig fast i minnet och varje g\u00e5ng jag ser en bild fr\u00e5n dessa dagar kommer den h\u00e4rliga k\u00e4nslan tillbaka. Bara att hoppas det blir fler tillf\u00e4llen. Som synes p\u00e5 bilderna gick jakten bra och [&hellip;]<\/p>\n","protected":false},"author":2,"featured_media":0,"parent":31,"menu_order":0,"comment_status":"open","ping_status":"open","template":"","meta":{"_mi_skip_tracking":false,"ngg_post_thumbnail":0},"_links":{"self":[{"href":"https:\/\/www.moharen.se\/index.php?rest_route=\/wp\/v2\/pages\/71"}],"collection":[{"href":"https:\/\/www.moharen.se\/index.php?rest_route=\/wp\/v2\/pages"}],"about":[{"href":"https:\/\/www.moharen.se\/index.php?rest_route=\/wp\/v2\/types\/page"}],"author":[{"embeddable":true,"href":"https:\/\/www.moharen.se\/index.php?rest_route=\/wp\/v2\/users\/2"}],"replies":[{"embeddable":true,"href":"https:\/\/www.moharen.se\/index.php?rest_route=%2Fwp%2Fv2%2Fcomments&post=71"}],"version-history":[{"count":3,"href":"https:\/\/www.moharen.se\/index.php?rest_route=\/wp\/v2\/pages\/71\/revisions"}],"predecessor-version":[{"id":87,"href":"https:\/\/www.moharen.se\/index.php?rest_route=\/wp\/v2\/pages\/71\/revisions\/87"}],"up":[{"embeddable":true,"href":"https:\/\/www.moharen.se\/index.php?rest_route=\/wp\/v2\/pages\/31"}],"wp:attachment":[{"href":"https:\/\/www.moharen.se\/index.php?rest_route=%2Fwp%2Fv2%2Fmedia&parent=71"}],"curies":[{"name":"wp","href":"https:\/\/api.w.org\/{rel}","templated":true}]}}