{"id":7,"date":"2010-05-13T12:22:04","date_gmt":"2010-05-13T10:22:04","guid":{"rendered":"http:\/\/www.moharen.se\/?page_id=7"},"modified":"2019-01-09T10:45:24","modified_gmt":"2019-01-09T09:45:24","slug":"hundarna","status":"publish","type":"page","link":"https:\/\/www.moharen.se\/?page_id=7","title":{"rendered":"Hundar"},"content":{"rendered":"<p>Hundarna som finns i huset \u00e4r familjemedlemmar som lever med oss b\u00e5de inne och ute. De anv\u00e4nds alla till jakt och n\u00e4r det g\u00e4ller uppf\u00f6dning sker den i liten skala. M\u00e5ls\u00e4ttningen \u00e4r kloka individer med h\u00f6g arbetskapacitet och samt med fokus p\u00e5 friska och rastypiska hundar.<\/p>\n","protected":false},"excerpt":{"rendered":"<p>Hundarna som finns i huset \u00e4r familjemedlemmar som lever med oss b\u00e5de inne och ute. De anv\u00e4nds alla till jakt och n\u00e4r det g\u00e4ller uppf\u00f6dning sker den i liten skala. M\u00e5ls\u00e4ttningen \u00e4r kloka individer med h\u00f6g arbetskapacitet och samt med fokus p\u00e5 friska och rastypiska hundar.<\/p>\n","protected":false},"author":1,"featured_media":0,"parent":0,"menu_order":0,"comment_status":"closed","ping_status":"closed","template":"","meta":{"_mi_skip_tracking":false,"ngg_post_thumbnail":0},"_links":{"self":[{"href":"https:\/\/www.moharen.se\/index.php?rest_route=\/wp\/v2\/pages\/7"}],"collection":[{"href":"https:\/\/www.moharen.se\/index.php?rest_route=\/wp\/v2\/pages"}],"about":[{"href":"https:\/\/www.moharen.se\/index.php?rest_route=\/wp\/v2\/types\/page"}],"author":[{"embeddable":true,"href":"https:\/\/www.moharen.se\/index.php?rest_route=\/wp\/v2\/users\/1"}],"replies":[{"embeddable":true,"href":"https:\/\/www.moharen.se\/index.php?rest_route=%2Fwp%2Fv2%2Fcomments&post=7"}],"version-history":[{"count":3,"href":"https:\/\/www.moharen.se\/index.php?rest_route=\/wp\/v2\/pages\/7\/revisions"}],"predecessor-version":[{"id":2235,"href":"https:\/\/www.moharen.se\/index.php?rest_route=\/wp\/v2\/pages\/7\/revisions\/2235"}],"wp:attachment":[{"href":"https:\/\/www.moharen.se\/index.php?rest_route=%2Fwp%2Fv2%2Fmedia&parent=7"}],"curies":[{"name":"wp","href":"https:\/\/api.w.org\/{rel}","templated":true}]}}