{"id":431,"date":"2010-11-04T20:26:09","date_gmt":"2010-11-04T19:26:09","guid":{"rendered":"http:\/\/www.moharen.se\/?page_id=431"},"modified":"2011-11-06T08:53:20","modified_gmt":"2011-11-06T07:53:20","slug":"j-prov-0a-101003","status":"publish","type":"page","link":"https:\/\/www.moharen.se\/?page_id=431","title":{"rendered":"J-prov 0:a 101003"},"content":{"rendered":"<p>Championatet h\u00e4grar och i mellanperioden mellan septemberjakten i norr och premi\u00e4ren i s\u00f6der s\u00e5 startade jag Birka p\u00e5 ett prov. B\u00f6rjade ganska bra med upptag p\u00e5 ko med kalv som dock gick undan en bit men sedan stod det fast. Tyv\u00e4rr s\u00e5 var det inga samarbetsvilliga \u00e4lgar d\u00e5 de efter cirka en halvtimme f\u00f6rflyttar sig ytterligare knappt 100 meter och v\u00e4ljer sedan att simma \u00f6ver en sj\u00f6. Birka simmade efter en bit men v\u00e4nde sedan om och s\u00f6kte upp mig. Hon gjorde sedan ett nytt upptag fram p\u00e5 dagen men den \u00e4lgen drog i upptaget men endast n\u00e5gra skall fr\u00e5n Birka.<\/p>\n<p><a href=\"http:\/\/www.moharen.se\/wp-content\/uploads\/2010\/11\/jprov4.jpg\"><img decoding=\"async\" loading=\"lazy\" class=\"alignnone size-full wp-image-432\" title=\"jprov4\" src=\"http:\/\/www.moharen.se\/wp-content\/uploads\/2010\/11\/jprov4.jpg\" alt=\"\" width=\"600\" height=\"363\" srcset=\"https:\/\/www.moharen.se\/wp-content\/uploads\/2010\/11\/jprov4.jpg 600w, https:\/\/www.moharen.se\/wp-content\/uploads\/2010\/11\/jprov4-300x181.jpg 300w\" sizes=\"(max-width: 600px) 100vw, 600px\" \/><\/a><\/p>\n","protected":false},"excerpt":{"rendered":"<p>Championatet h\u00e4grar och i mellanperioden mellan septemberjakten i norr och premi\u00e4ren i s\u00f6der s\u00e5 startade jag Birka p\u00e5 ett prov. B\u00f6rjade ganska bra med upptag p\u00e5 ko med kalv som dock gick undan en bit men sedan stod det fast. Tyv\u00e4rr s\u00e5 var det inga samarbetsvilliga \u00e4lgar d\u00e5 de efter cirka en halvtimme f\u00f6rflyttar sig [&hellip;]<\/p>\n","protected":false},"author":2,"featured_media":0,"parent":13,"menu_order":4,"comment_status":"open","ping_status":"open","template":"","meta":{"_mi_skip_tracking":false,"ngg_post_thumbnail":0},"_links":{"self":[{"href":"https:\/\/www.moharen.se\/index.php?rest_route=\/wp\/v2\/pages\/431"}],"collection":[{"href":"https:\/\/www.moharen.se\/index.php?rest_route=\/wp\/v2\/pages"}],"about":[{"href":"https:\/\/www.moharen.se\/index.php?rest_route=\/wp\/v2\/types\/page"}],"author":[{"embeddable":true,"href":"https:\/\/www.moharen.se\/index.php?rest_route=\/wp\/v2\/users\/2"}],"replies":[{"embeddable":true,"href":"https:\/\/www.moharen.se\/index.php?rest_route=%2Fwp%2Fv2%2Fcomments&post=431"}],"version-history":[{"count":5,"href":"https:\/\/www.moharen.se\/index.php?rest_route=\/wp\/v2\/pages\/431\/revisions"}],"predecessor-version":[{"id":769,"href":"https:\/\/www.moharen.se\/index.php?rest_route=\/wp\/v2\/pages\/431\/revisions\/769"}],"up":[{"embeddable":true,"href":"https:\/\/www.moharen.se\/index.php?rest_route=\/wp\/v2\/pages\/13"}],"wp:attachment":[{"href":"https:\/\/www.moharen.se\/index.php?rest_route=%2Fwp%2Fv2%2Fmedia&parent=431"}],"curies":[{"name":"wp","href":"https:\/\/api.w.org\/{rel}","templated":true}]}}