{"id":41,"date":"2010-05-13T15:44:17","date_gmt":"2010-05-13T13:44:17","guid":{"rendered":"http:\/\/www.moharen.se\/?page_id=41"},"modified":"2010-05-13T16:16:31","modified_gmt":"2010-05-13T14:16:31","slug":"fallestrands-birka","status":"publish","type":"page","link":"https:\/\/www.moharen.se\/?page_id=41","title":{"rendered":"F\u00e4llestrands Birka"},"content":{"rendered":"<p>Lite bilder p\u00e5 F\u00e4llestrands Birka<\/p>\n<p>inga bilder hittades<\/p>\n\n","protected":false},"excerpt":{"rendered":"<p>Lite bilder p\u00e5 F\u00e4llestrands Birka<\/p>\n","protected":false},"author":2,"featured_media":0,"parent":31,"menu_order":0,"comment_status":"open","ping_status":"open","template":"","meta":{"_mi_skip_tracking":false,"ngg_post_thumbnail":0},"_links":{"self":[{"href":"https:\/\/www.moharen.se\/index.php?rest_route=\/wp\/v2\/pages\/41"}],"collection":[{"href":"https:\/\/www.moharen.se\/index.php?rest_route=\/wp\/v2\/pages"}],"about":[{"href":"https:\/\/www.moharen.se\/index.php?rest_route=\/wp\/v2\/types\/page"}],"author":[{"embeddable":true,"href":"https:\/\/www.moharen.se\/index.php?rest_route=\/wp\/v2\/users\/2"}],"replies":[{"embeddable":true,"href":"https:\/\/www.moharen.se\/index.php?rest_route=%2Fwp%2Fv2%2Fcomments&post=41"}],"version-history":[{"count":1,"href":"https:\/\/www.moharen.se\/index.php?rest_route=\/wp\/v2\/pages\/41\/revisions"}],"predecessor-version":[{"id":42,"href":"https:\/\/www.moharen.se\/index.php?rest_route=\/wp\/v2\/pages\/41\/revisions\/42"}],"up":[{"embeddable":true,"href":"https:\/\/www.moharen.se\/index.php?rest_route=\/wp\/v2\/pages\/31"}],"wp:attachment":[{"href":"https:\/\/www.moharen.se\/index.php?rest_route=%2Fwp%2Fv2%2Fmedia&parent=41"}],"curies":[{"name":"wp","href":"https:\/\/api.w.org\/{rel}","templated":true}]}}