{"id":260,"date":"2010-06-26T16:30:22","date_gmt":"2010-06-26T14:30:22","guid":{"rendered":"http:\/\/www.moharen.se\/?page_id=260"},"modified":"2010-06-26T16:30:22","modified_gmt":"2010-06-26T14:30:22","slug":"j-prov-0a-060826-klubbuttagning","status":"publish","type":"page","link":"https:\/\/www.moharen.se\/?page_id=260","title":{"rendered":"J-prov 0:a 060826 (Klubbuttagning)"},"content":{"rendered":"<p>Klubbuttagning i augusti 2006. Gjorde ett bra upptag p\u00e5 morgonen men tyv\u00e4rr stod de inte kvar tillr\u00e4ckligt l\u00e4nge. Blev en st\u00f6tning i n\u00e4rheten av en g\u00e5rd och sedan fick han inte stopp p\u00e5 de \u00e4lgarna. Tyv\u00e4rr kn\u00e4ckte v\u00e4rmen honom d\u00e5 det fram p\u00e5 f\u00f6rmiddagen var upp mot 20 grader varm och str\u00e5lande sol.<\/p>\n<p><img decoding=\"async\" loading=\"lazy\" class=\"alignnone size-full wp-image-261\" title=\"j-prov060826\" src=\"http:\/\/www.moharen.se\/wp-content\/uploads\/2010\/06\/j-prov060826.jpg\" alt=\"\" width=\"600\" height=\"397\" srcset=\"https:\/\/www.moharen.se\/wp-content\/uploads\/2010\/06\/j-prov060826.jpg 600w, https:\/\/www.moharen.se\/wp-content\/uploads\/2010\/06\/j-prov060826-300x198.jpg 300w\" sizes=\"(max-width: 600px) 100vw, 600px\" \/><\/p>\n","protected":false},"excerpt":{"rendered":"<p>Klubbuttagning i augusti 2006. Gjorde ett bra upptag p\u00e5 morgonen men tyv\u00e4rr stod de inte kvar tillr\u00e4ckligt l\u00e4nge. Blev en st\u00f6tning i n\u00e4rheten av en g\u00e5rd och sedan fick han inte stopp p\u00e5 de \u00e4lgarna. Tyv\u00e4rr kn\u00e4ckte v\u00e4rmen honom d\u00e5 det fram p\u00e5 f\u00f6rmiddagen var upp mot 20 grader varm och str\u00e5lande sol.<\/p>\n","protected":false},"author":2,"featured_media":0,"parent":36,"menu_order":4,"comment_status":"open","ping_status":"open","template":"","meta":{"_mi_skip_tracking":false,"ngg_post_thumbnail":0},"_links":{"self":[{"href":"https:\/\/www.moharen.se\/index.php?rest_route=\/wp\/v2\/pages\/260"}],"collection":[{"href":"https:\/\/www.moharen.se\/index.php?rest_route=\/wp\/v2\/pages"}],"about":[{"href":"https:\/\/www.moharen.se\/index.php?rest_route=\/wp\/v2\/types\/page"}],"author":[{"embeddable":true,"href":"https:\/\/www.moharen.se\/index.php?rest_route=\/wp\/v2\/users\/2"}],"replies":[{"embeddable":true,"href":"https:\/\/www.moharen.se\/index.php?rest_route=%2Fwp%2Fv2%2Fcomments&post=260"}],"version-history":[{"count":2,"href":"https:\/\/www.moharen.se\/index.php?rest_route=\/wp\/v2\/pages\/260\/revisions"}],"predecessor-version":[{"id":263,"href":"https:\/\/www.moharen.se\/index.php?rest_route=\/wp\/v2\/pages\/260\/revisions\/263"}],"up":[{"embeddable":true,"href":"https:\/\/www.moharen.se\/index.php?rest_route=\/wp\/v2\/pages\/36"}],"wp:attachment":[{"href":"https:\/\/www.moharen.se\/index.php?rest_route=%2Fwp%2Fv2%2Fmedia&parent=260"}],"curies":[{"name":"wp","href":"https:\/\/api.w.org\/{rel}","templated":true}]}}