{"id":257,"date":"2010-06-26T16:25:49","date_gmt":"2010-06-26T14:25:49","guid":{"rendered":"http:\/\/www.moharen.se\/?page_id=257"},"modified":"2010-06-26T16:25:49","modified_gmt":"2010-06-26T14:25:49","slug":"j-prov-1a-051222-sjch","status":"publish","type":"page","link":"https:\/\/www.moharen.se\/?page_id=257","title":{"rendered":"J-prov 1:a 051222 (SJCH)"},"content":{"rendered":"<p>Tredje jaktprovet och tredje raka ettan. Milo klar SJCH vid 2 \u00e5r och fem m\u00e5naders \u00e5lder. Denna dagen gjorde han ett kanonjobb p\u00e5 en ko med kalvar som till en b\u00f6rjan gjorde allt f\u00f6r att bli av med hunden. Kunde v\u00e4l f\u00e5tt ytterligare po\u00e4ng p\u00e5 skallet med tanke p\u00e5 att vi stod och lyssnade p\u00e5 honom p\u00e5 cirka tre kilometers h\u00e5ll utan hj\u00e4lp av vinden.<\/p>\n<p><img decoding=\"async\" loading=\"lazy\" class=\"alignnone size-full wp-image-258\" title=\"j-prov051222\" src=\"http:\/\/www.moharen.se\/wp-content\/uploads\/2010\/06\/j-prov051222.jpg\" alt=\"\" width=\"600\" height=\"379\" srcset=\"https:\/\/www.moharen.se\/wp-content\/uploads\/2010\/06\/j-prov051222.jpg 600w, https:\/\/www.moharen.se\/wp-content\/uploads\/2010\/06\/j-prov051222-300x189.jpg 300w\" sizes=\"(max-width: 600px) 100vw, 600px\" \/><\/p>\n","protected":false},"excerpt":{"rendered":"<p>Tredje jaktprovet och tredje raka ettan. Milo klar SJCH vid 2 \u00e5r och fem m\u00e5naders \u00e5lder. Denna dagen gjorde han ett kanonjobb p\u00e5 en ko med kalvar som till en b\u00f6rjan gjorde allt f\u00f6r att bli av med hunden. Kunde v\u00e4l f\u00e5tt ytterligare po\u00e4ng p\u00e5 skallet med tanke p\u00e5 att vi stod och lyssnade p\u00e5 [&hellip;]<\/p>\n","protected":false},"author":2,"featured_media":0,"parent":36,"menu_order":3,"comment_status":"open","ping_status":"open","template":"","meta":{"_mi_skip_tracking":false,"ngg_post_thumbnail":0},"_links":{"self":[{"href":"https:\/\/www.moharen.se\/index.php?rest_route=\/wp\/v2\/pages\/257"}],"collection":[{"href":"https:\/\/www.moharen.se\/index.php?rest_route=\/wp\/v2\/pages"}],"about":[{"href":"https:\/\/www.moharen.se\/index.php?rest_route=\/wp\/v2\/types\/page"}],"author":[{"embeddable":true,"href":"https:\/\/www.moharen.se\/index.php?rest_route=\/wp\/v2\/users\/2"}],"replies":[{"embeddable":true,"href":"https:\/\/www.moharen.se\/index.php?rest_route=%2Fwp%2Fv2%2Fcomments&post=257"}],"version-history":[{"count":1,"href":"https:\/\/www.moharen.se\/index.php?rest_route=\/wp\/v2\/pages\/257\/revisions"}],"predecessor-version":[{"id":259,"href":"https:\/\/www.moharen.se\/index.php?rest_route=\/wp\/v2\/pages\/257\/revisions\/259"}],"up":[{"embeddable":true,"href":"https:\/\/www.moharen.se\/index.php?rest_route=\/wp\/v2\/pages\/36"}],"wp:attachment":[{"href":"https:\/\/www.moharen.se\/index.php?rest_route=%2Fwp%2Fv2%2Fmedia&parent=257"}],"curies":[{"name":"wp","href":"https:\/\/api.w.org\/{rel}","templated":true}]}}