{"id":2491,"date":"2021-12-17T04:11:02","date_gmt":"2021-12-17T03:11:02","guid":{"rendered":"http:\/\/www.moharen.se\/?page_id=2491"},"modified":"2024-01-06T11:01:17","modified_gmt":"2024-01-06T10:01:17","slug":"valpar-2020","status":"publish","type":"page","link":"https:\/\/www.moharen.se\/?page_id=2491","title":{"rendered":"Valpar 2020 E-kullen"},"content":{"rendered":"\n<p>11 juni 2020 f\u00f6ddes Moharens E-kull efter S\u00f6romb\u00e4ckens Lunnsa och Dollarmarkens Brage. Det blev sex valpar f\u00f6rdelat p\u00e5 fyra hanar och tv\u00e5 tikar.<\/p>\n\n\n\n<p>Kullv\u00e4rdet \u00e4r hittills 5\/6 (83%)<\/p>\n\n\n\n<p><a href=\"http:\/\/www.hittaalghund.se\/dog.asp?Regnummer=%20SE39163\/2020\" target=\"_blank\" rel=\"noreferrer noopener\" aria-label=\" (\u00f6ppnas i en ny flik)\">SE J(L\u00f6)CH Moharens&nbsp;Enzo<\/a><br>Jaktprov: 3 x 1:a, 1 x 0:a<br>Utst\u00e4llning: Exc<br>HD A, ED UA<br><\/p>\n\n\n\n<p><a rel=\"noreferrer noopener\" aria-label=\"Moharens Elton (\u00f6ppnas i en ny flik)\" href=\"http:\/\/www.hittaalghund.se\/dog.asp?Regnummer=%20SE39160\/2020\" target=\"_blank\">Moharens Elton<\/a><br>Jaktprov:&nbsp;1 x 3:a, 1 x KEB<br>Utst\u00e4llning: Good<br>HD A, ED UA<br><\/p>\n\n\n\n<p><a href=\"http:\/\/www.hittaalghund.se\/dog.asp?Regnummer=%20SE39162\/2020\" target=\"_blank\" rel=\"noreferrer noopener\" aria-label=\"Moharens Ecko (\u00f6ppnas i en ny flik)\">Moharens Ecko<\/a><br>Jaktprov:&nbsp;<br>Utst\u00e4llning: Good<br>HD A, ED UA<br><\/p>\n\n\n\n<p><a rel=\"noreferrer noopener\" aria-label=\"Moharens Emil (\u00f6ppnas i en ny flik)\" href=\"http:\/\/www.hittaalghund.se\/dog.asp?Regnummer=%20SE39161\/2020\" target=\"_blank\">Moharens Emil<\/a><br>Jaktprov:&nbsp;1 x 2:a, 1 x 0:a<br>Utst\u00e4llning: Good<br>HD B, ED UA<br><\/p>\n\n\n\n<p><a rel=\"noreferrer noopener\" aria-label=\"Moharens Era (\u00f6ppnas i en ny flik)\" href=\"http:\/\/www.hittaalghund.se\/dog.asp?Regnummer=%20SE39165\/2020\" target=\"_blank\">Moharens Era<\/a><br>Jaktprov:&nbsp;1 x 1:a<br>Utst\u00e4llning: VG<br>HD A, ED UA<br><\/p>\n\n\n\n<p><a rel=\"noreferrer noopener\" aria-label=\" (\u00f6ppnas i en ny flik)\" href=\"http:\/\/www.hittaalghund.se\/dog.asp?regnummer=SE39164\/2020\" target=\"_blank\">SE J(L\u00f6)CH Moharens Elly<\/a><br>Jaktprov: 4 x 1:a, 2 x 0:a, 1 x KEB. Vinnare av Sydsvenska Unghundsm\u00e4sterskapet 22\/23<br>Utst\u00e4llning: Exc<br>HD A, ED UA<\/p>\n","protected":false},"excerpt":{"rendered":"<p>11 juni 2020 f\u00f6ddes Moharens E-kull efter S\u00f6romb\u00e4ckens Lunnsa och Dollarmarkens Brage. Det blev sex valpar f\u00f6rdelat p\u00e5 fyra hanar och tv\u00e5 tikar. Kullv\u00e4rdet \u00e4r hittills 5\/6 (83%) SE J(L\u00f6)CH Moharens&nbsp;EnzoJaktprov: 3 x 1:a, 1 x 0:aUtst\u00e4llning: ExcHD A, ED UA Moharens EltonJaktprov:&nbsp;1 x 3:a, 1 x KEBUtst\u00e4llning: GoodHD A, ED UA Moharens EckoJaktprov:&nbsp;Utst\u00e4llning: GoodHD [&hellip;]<\/p>\n","protected":false},"author":2,"featured_media":0,"parent":2033,"menu_order":2,"comment_status":"closed","ping_status":"closed","template":"","meta":{"_mi_skip_tracking":false,"ngg_post_thumbnail":0},"_links":{"self":[{"href":"https:\/\/www.moharen.se\/index.php?rest_route=\/wp\/v2\/pages\/2491"}],"collection":[{"href":"https:\/\/www.moharen.se\/index.php?rest_route=\/wp\/v2\/pages"}],"about":[{"href":"https:\/\/www.moharen.se\/index.php?rest_route=\/wp\/v2\/types\/page"}],"author":[{"embeddable":true,"href":"https:\/\/www.moharen.se\/index.php?rest_route=\/wp\/v2\/users\/2"}],"replies":[{"embeddable":true,"href":"https:\/\/www.moharen.se\/index.php?rest_route=%2Fwp%2Fv2%2Fcomments&post=2491"}],"version-history":[{"count":9,"href":"https:\/\/www.moharen.se\/index.php?rest_route=\/wp\/v2\/pages\/2491\/revisions"}],"predecessor-version":[{"id":2626,"href":"https:\/\/www.moharen.se\/index.php?rest_route=\/wp\/v2\/pages\/2491\/revisions\/2626"}],"up":[{"embeddable":true,"href":"https:\/\/www.moharen.se\/index.php?rest_route=\/wp\/v2\/pages\/2033"}],"wp:attachment":[{"href":"https:\/\/www.moharen.se\/index.php?rest_route=%2Fwp%2Fv2%2Fmedia&parent=2491"}],"curies":[{"name":"wp","href":"https:\/\/api.w.org\/{rel}","templated":true}]}}