{"id":2443,"date":"2021-08-08T08:36:21","date_gmt":"2021-08-08T06:36:21","guid":{"rendered":"http:\/\/www.moharen.se\/?page_id=2443"},"modified":"2023-02-16T15:56:10","modified_gmt":"2023-02-16T14:56:10","slug":"moharens-elly","status":"publish","type":"page","link":"https:\/\/www.moharen.se\/?page_id=2443","title":{"rendered":"SE J(L\u00f6)CH Moharens Elly"},"content":{"rendered":"\n<figure class=\"wp-block-image\"><img decoding=\"async\" loading=\"lazy\" width=\"1024\" height=\"697\" src=\"http:\/\/www.moharen.se\/wp-content\/uploads\/2021\/08\/115600519_3418539674846508_8874984968383551835_n-1-1024x697.jpg\" alt=\"\" class=\"wp-image-2444\" srcset=\"https:\/\/www.moharen.se\/wp-content\/uploads\/2021\/08\/115600519_3418539674846508_8874984968383551835_n-1-1024x697.jpg 1024w, https:\/\/www.moharen.se\/wp-content\/uploads\/2021\/08\/115600519_3418539674846508_8874984968383551835_n-1-500x340.jpg 500w, https:\/\/www.moharen.se\/wp-content\/uploads\/2021\/08\/115600519_3418539674846508_8874984968383551835_n-1-768x522.jpg 768w, https:\/\/www.moharen.se\/wp-content\/uploads\/2021\/08\/115600519_3418539674846508_8874984968383551835_n-1-624x424.jpg 624w, https:\/\/www.moharen.se\/wp-content\/uploads\/2021\/08\/115600519_3418539674846508_8874984968383551835_n-1.jpg 2048w\" sizes=\"(max-width: 1024px) 100vw, 1024px\" \/><\/figure>\n\n\n\n<p>Moharens Elly \u00e4r det lilla yrv\u00e4dret som alltid \u00e4r glad och vill vara till lags. Full fart fr\u00e5n morgon till kv\u00e4ll och hon ser till att alla de andra i flocken h\u00e5ller ig\u00e5ng n\u00e4r de rusar i tr\u00e4dg\u00e5rden.<\/p>\n\n\n\n<p>Elly \u00e4r fr\u00e5n Lunnsas andra kull d\u00e4r Dollarmarkens Brage \u00e4r far, l\u00e4nk till Hittaalghund har ni \u00e4r, <a rel=\"noreferrer noopener\" aria-label=\"http:\/\/www.hittaalghund.se\/dog.asp?Regnummer=SE39164\/2020 (\u00f6ppnas i en ny flik)\" href=\"http:\/\/www.hittaalghund.se\/dog.asp?Regnummer=SE39164\/2020\" target=\"_blank\">http:\/\/www.hittaalghund.se\/dog.asp?Regnummer=SE39164\/2020<\/a><\/p>\n\n\n\n<p><strong>Moharens Elly<\/strong><br>E: SE J(L\u00f6)CH Dollarmarkens Brage<br>U: SE J(L\u00f6)CH NO J(L\u00f6)CH S\u00f6romb\u00e4ckens Lunnsa<br>\u00c4gare: Ted Karlsson, Moharens kennel<\/p>\n\n\n\n<p>HD: A<br>ED: UA<\/p>\n\n\n\n<p>Jaktprovsmeriter<br>4 x 1:a<\/p>\n\n\n\n<p>Utst\u00e4llningsmeriter:&nbsp;<br>Exc Junkl, 4 Junkk (Torne 2021-08-01)<br>VG Jkl (Moheda 2022-02-13)<\/p>\n\n\n\n<figure class=\"wp-block-image\"><img decoding=\"async\" loading=\"lazy\" width=\"1024\" height=\"733\" src=\"http:\/\/www.moharen.se\/wp-content\/uploads\/2022\/02\/elly-moheda22-1024x733.jpg\" alt=\"\" class=\"wp-image-2550\" srcset=\"https:\/\/www.moharen.se\/wp-content\/uploads\/2022\/02\/elly-moheda22-1024x733.jpg 1024w, https:\/\/www.moharen.se\/wp-content\/uploads\/2022\/02\/elly-moheda22-500x358.jpg 500w, https:\/\/www.moharen.se\/wp-content\/uploads\/2022\/02\/elly-moheda22-768x550.jpg 768w, https:\/\/www.moharen.se\/wp-content\/uploads\/2022\/02\/elly-moheda22-624x447.jpg 624w, https:\/\/www.moharen.se\/wp-content\/uploads\/2022\/02\/elly-moheda22.jpg 1776w\" sizes=\"(max-width: 1024px) 100vw, 1024px\" \/><figcaption class=\"wp-element-caption\">Utst\u00e4llning i Moheda. Elly \u00e4r 1 \u00e5r och 8 m\u00e5nader p\u00e5 bilden. Very Good i jaktklass<\/figcaption><\/figure>\n","protected":false},"excerpt":{"rendered":"<p>Moharens Elly \u00e4r det lilla yrv\u00e4dret som alltid \u00e4r glad och vill vara till lags. Full fart fr\u00e5n morgon till kv\u00e4ll och hon ser till att alla de andra i flocken h\u00e5ller ig\u00e5ng n\u00e4r de rusar i tr\u00e4dg\u00e5rden. Elly \u00e4r fr\u00e5n Lunnsas andra kull d\u00e4r Dollarmarkens Brage \u00e4r far, l\u00e4nk till Hittaalghund har ni \u00e4r, [&hellip;]<\/p>\n","protected":false},"author":2,"featured_media":0,"parent":7,"menu_order":18,"comment_status":"closed","ping_status":"closed","template":"","meta":{"_mi_skip_tracking":false,"ngg_post_thumbnail":0},"_links":{"self":[{"href":"https:\/\/www.moharen.se\/index.php?rest_route=\/wp\/v2\/pages\/2443"}],"collection":[{"href":"https:\/\/www.moharen.se\/index.php?rest_route=\/wp\/v2\/pages"}],"about":[{"href":"https:\/\/www.moharen.se\/index.php?rest_route=\/wp\/v2\/types\/page"}],"author":[{"embeddable":true,"href":"https:\/\/www.moharen.se\/index.php?rest_route=\/wp\/v2\/users\/2"}],"replies":[{"embeddable":true,"href":"https:\/\/www.moharen.se\/index.php?rest_route=%2Fwp%2Fv2%2Fcomments&post=2443"}],"version-history":[{"count":6,"href":"https:\/\/www.moharen.se\/index.php?rest_route=\/wp\/v2\/pages\/2443\/revisions"}],"predecessor-version":[{"id":2576,"href":"https:\/\/www.moharen.se\/index.php?rest_route=\/wp\/v2\/pages\/2443\/revisions\/2576"}],"up":[{"embeddable":true,"href":"https:\/\/www.moharen.se\/index.php?rest_route=\/wp\/v2\/pages\/7"}],"wp:attachment":[{"href":"https:\/\/www.moharen.se\/index.php?rest_route=%2Fwp%2Fv2%2Fmedia&parent=2443"}],"curies":[{"name":"wp","href":"https:\/\/api.w.org\/{rel}","templated":true}]}}