{"id":2211,"date":"2019-01-07T20:50:35","date_gmt":"2019-01-07T19:50:35","guid":{"rendered":"http:\/\/www.moharen.se\/?page_id=2211"},"modified":"2019-01-09T10:46:54","modified_gmt":"2019-01-09T09:46:54","slug":"jaktprov-18-11-02","status":"publish","type":"page","link":"https:\/\/www.moharen.se\/?page_id=2211","title":{"rendered":"Jaktprov 18-11-02 1:a"},"content":{"rendered":"\n<p>Pris: 1:a<br>Po\u00e4ng: 88<br><a href=\"http:\/\/www.hittaalghund.se\/Prov_Main.asp?regnummer=SE38522\/2015&amp;provdatum=20181102&amp;HundNamn=&amp;provdata_id=115388\" target=\"_blank\" rel=\"noreferrer noopener\" aria-label=\"L\u00e4nk till hitta \u00e4lghund (opens in a new tab)\">L\u00e4nk till hitta \u00e4lghund<\/a><\/p>\n","protected":false},"excerpt":{"rendered":"<p>Pris: 1:aPo\u00e4ng: 88L\u00e4nk till hitta \u00e4lghund<\/p>\n","protected":false},"author":2,"featured_media":0,"parent":1924,"menu_order":9,"comment_status":"closed","ping_status":"closed","template":"","meta":{"_mi_skip_tracking":false,"ngg_post_thumbnail":0},"_links":{"self":[{"href":"https:\/\/www.moharen.se\/index.php?rest_route=\/wp\/v2\/pages\/2211"}],"collection":[{"href":"https:\/\/www.moharen.se\/index.php?rest_route=\/wp\/v2\/pages"}],"about":[{"href":"https:\/\/www.moharen.se\/index.php?rest_route=\/wp\/v2\/types\/page"}],"author":[{"embeddable":true,"href":"https:\/\/www.moharen.se\/index.php?rest_route=\/wp\/v2\/users\/2"}],"replies":[{"embeddable":true,"href":"https:\/\/www.moharen.se\/index.php?rest_route=%2Fwp%2Fv2%2Fcomments&post=2211"}],"version-history":[{"count":2,"href":"https:\/\/www.moharen.se\/index.php?rest_route=\/wp\/v2\/pages\/2211\/revisions"}],"predecessor-version":[{"id":2238,"href":"https:\/\/www.moharen.se\/index.php?rest_route=\/wp\/v2\/pages\/2211\/revisions\/2238"}],"up":[{"embeddable":true,"href":"https:\/\/www.moharen.se\/index.php?rest_route=\/wp\/v2\/pages\/1924"}],"wp:attachment":[{"href":"https:\/\/www.moharen.se\/index.php?rest_route=%2Fwp%2Fv2%2Fmedia&parent=2211"}],"curies":[{"name":"wp","href":"https:\/\/api.w.org\/{rel}","templated":true}]}}