{"id":1749,"date":"2016-02-25T09:22:39","date_gmt":"2016-02-25T08:22:39","guid":{"rendered":"http:\/\/www.moharen.se\/?page_id=1749"},"modified":"2017-02-18T07:27:55","modified_gmt":"2017-02-18T06:27:55","slug":"enjas-jaktprovsmeriter","status":"publish","type":"page","link":"https:\/\/www.moharen.se\/?page_id=1749","title":{"rendered":"Jaktprovsmeriter"},"content":{"rendered":"<p>Enja h\u00e4r startad sex\u00a0g\u00e5nger p\u00e5 jaktprov med tre f\u00f6rstapris och tv\u00e5 nollpris och ett KEB (hittade ingen \u00e4lg)<\/p>\n","protected":false},"excerpt":{"rendered":"<p>Enja h\u00e4r startad sex\u00a0g\u00e5nger p\u00e5 jaktprov med tre f\u00f6rstapris och tv\u00e5 nollpris och ett KEB (hittade ingen \u00e4lg)<\/p>\n","protected":false},"author":2,"featured_media":0,"parent":989,"menu_order":1,"comment_status":"closed","ping_status":"open","template":"","meta":{"_mi_skip_tracking":false,"ngg_post_thumbnail":0},"_links":{"self":[{"href":"https:\/\/www.moharen.se\/index.php?rest_route=\/wp\/v2\/pages\/1749"}],"collection":[{"href":"https:\/\/www.moharen.se\/index.php?rest_route=\/wp\/v2\/pages"}],"about":[{"href":"https:\/\/www.moharen.se\/index.php?rest_route=\/wp\/v2\/types\/page"}],"author":[{"embeddable":true,"href":"https:\/\/www.moharen.se\/index.php?rest_route=\/wp\/v2\/users\/2"}],"replies":[{"embeddable":true,"href":"https:\/\/www.moharen.se\/index.php?rest_route=%2Fwp%2Fv2%2Fcomments&post=1749"}],"version-history":[{"count":4,"href":"https:\/\/www.moharen.se\/index.php?rest_route=\/wp\/v2\/pages\/1749\/revisions"}],"predecessor-version":[{"id":1923,"href":"https:\/\/www.moharen.se\/index.php?rest_route=\/wp\/v2\/pages\/1749\/revisions\/1923"}],"up":[{"embeddable":true,"href":"https:\/\/www.moharen.se\/index.php?rest_route=\/wp\/v2\/pages\/989"}],"wp:attachment":[{"href":"https:\/\/www.moharen.se\/index.php?rest_route=%2Fwp%2Fv2%2Fmedia&parent=1749"}],"curies":[{"name":"wp","href":"https:\/\/api.w.org\/{rel}","templated":true}]}}