{"id":1628,"date":"2014-06-19T22:58:01","date_gmt":"2014-06-19T20:58:01","guid":{"rendered":"http:\/\/www.moharen.se\/?page_id=1628"},"modified":"2021-08-08T07:53:35","modified_gmt":"2021-08-08T05:53:35","slug":"angblommans-first-easter-flower-lovis","status":"publish","type":"page","link":"https:\/\/www.moharen.se\/?page_id=1628","title":{"rendered":"\u00c4ngblomman&#8217;s First Easter Flower (Lovis)"},"content":{"rendered":"<p>Lovis har flyttat fr\u00e5n Tallbacka och lever nu glada dagar hos sin nya matte.<\/p>\n<p>\u00c4ngblomman&#8217;s First Easter Flower som h\u00e4r hemma kallas f\u00f6r Lovis kom till oss i mitten av juni 2014. Ett charmknyte utan dess like.<\/p>\n<p><img decoding=\"async\" loading=\"lazy\" class=\"alignnone size-medium wp-image-1622\" src=\"http:\/\/www.moharen.se\/wp-content\/uploads\/2014\/06\/lovis14-500x327.jpg\" alt=\"lovis14\" width=\"500\" height=\"327\" srcset=\"https:\/\/www.moharen.se\/wp-content\/uploads\/2014\/06\/lovis14-500x327.jpg 500w, https:\/\/www.moharen.se\/wp-content\/uploads\/2014\/06\/lovis14-1024x670.jpg 1024w, https:\/\/www.moharen.se\/wp-content\/uploads\/2014\/06\/lovis14.jpg 1500w\" sizes=\"(max-width: 500px) 100vw, 500px\" \/><\/p>\n","protected":false},"excerpt":{"rendered":"<p>Lovis har flyttat fr\u00e5n Tallbacka och lever nu glada dagar hos sin nya matte. \u00c4ngblomman&#8217;s First Easter Flower som h\u00e4r hemma kallas f\u00f6r Lovis kom till oss i mitten av juni 2014. Ett charmknyte utan dess like.<\/p>\n","protected":false},"author":2,"featured_media":0,"parent":1269,"menu_order":15,"comment_status":"open","ping_status":"open","template":"","meta":{"_mi_skip_tracking":false,"ngg_post_thumbnail":0},"_links":{"self":[{"href":"https:\/\/www.moharen.se\/index.php?rest_route=\/wp\/v2\/pages\/1628"}],"collection":[{"href":"https:\/\/www.moharen.se\/index.php?rest_route=\/wp\/v2\/pages"}],"about":[{"href":"https:\/\/www.moharen.se\/index.php?rest_route=\/wp\/v2\/types\/page"}],"author":[{"embeddable":true,"href":"https:\/\/www.moharen.se\/index.php?rest_route=\/wp\/v2\/users\/2"}],"replies":[{"embeddable":true,"href":"https:\/\/www.moharen.se\/index.php?rest_route=%2Fwp%2Fv2%2Fcomments&post=1628"}],"version-history":[{"count":5,"href":"https:\/\/www.moharen.se\/index.php?rest_route=\/wp\/v2\/pages\/1628\/revisions"}],"predecessor-version":[{"id":2434,"href":"https:\/\/www.moharen.se\/index.php?rest_route=\/wp\/v2\/pages\/1628\/revisions\/2434"}],"up":[{"embeddable":true,"href":"https:\/\/www.moharen.se\/index.php?rest_route=\/wp\/v2\/pages\/1269"}],"wp:attachment":[{"href":"https:\/\/www.moharen.se\/index.php?rest_route=%2Fwp%2Fv2%2Fmedia&parent=1628"}],"curies":[{"name":"wp","href":"https:\/\/api.w.org\/{rel}","templated":true}]}}