{"id":107,"date":"2010-05-16T22:39:57","date_gmt":"2010-05-16T20:39:57","guid":{"rendered":"http:\/\/www.moharen.se\/?page_id=107"},"modified":"2019-01-09T08:57:05","modified_gmt":"2019-01-09T07:57:05","slug":"ted","status":"publish","type":"page","link":"https:\/\/www.moharen.se\/?page_id=107","title":{"rendered":"Ted"},"content":{"rendered":"<p><img decoding=\"async\" loading=\"lazy\" class=\"size-medium wp-image-943 alignleft\" style=\"margin: 7px;\" title=\"profilbild\" src=\"http:\/\/www.moharen.se\/wp-content\/uploads\/2010\/05\/profilbild-386x400.jpg\" alt=\"\" width=\"270\" height=\"280\" srcset=\"https:\/\/www.moharen.se\/wp-content\/uploads\/2010\/05\/profilbild-386x400.jpg 386w, https:\/\/www.moharen.se\/wp-content\/uploads\/2010\/05\/profilbild.jpg 491w\" sizes=\"(max-width: 270px) 100vw, 270px\" \/>Ted heter jag som driver denna blogg\/hemsida. Har passerat 50-strecket med n\u00e5got \u00e5r men k\u00e4nner mig ganska lugn f\u00f6r det. Ser fram emot m\u00e5nga jakts\u00e4songer \u00e4nnu.<\/p>\n<p>Grunden i jakten \u00e4r f\u00f6r mig hunden. Dels sj\u00e4lva njutningen att h\u00f6ra ett bra drev eller ett taktfast, m\u00e4ktigt st\u00e5ndskall och dels samarbetet och det jobb som hunden utf\u00f6r som verkligen fascinerar. Fr\u00e5n b\u00f6rjan var det bara jakt med st\u00f6vare som var passionen men numera \u00e4r \u00e4lgjakten med l\u00f6shund som toppar favoritlistan. Har nog blivit lite mer vidsynt med \u00e5ren och uppskattar alla jaktformer mer och mer.<\/p>\n","protected":false},"excerpt":{"rendered":"<p>Ted heter jag som driver denna blogg\/hemsida. Har passerat 50-strecket med n\u00e5got \u00e5r men k\u00e4nner mig ganska lugn f\u00f6r det. Ser fram emot m\u00e5nga jakts\u00e4songer \u00e4nnu. Grunden i jakten \u00e4r f\u00f6r mig hunden. Dels sj\u00e4lva njutningen att h\u00f6ra ett bra drev eller ett taktfast, m\u00e4ktigt st\u00e5ndskall och dels samarbetet och det jobb som hunden utf\u00f6r [&hellip;]<\/p>\n","protected":false},"author":2,"featured_media":0,"parent":2,"menu_order":0,"comment_status":"open","ping_status":"open","template":"","meta":{"_mi_skip_tracking":false,"ngg_post_thumbnail":0},"_links":{"self":[{"href":"https:\/\/www.moharen.se\/index.php?rest_route=\/wp\/v2\/pages\/107"}],"collection":[{"href":"https:\/\/www.moharen.se\/index.php?rest_route=\/wp\/v2\/pages"}],"about":[{"href":"https:\/\/www.moharen.se\/index.php?rest_route=\/wp\/v2\/types\/page"}],"author":[{"embeddable":true,"href":"https:\/\/www.moharen.se\/index.php?rest_route=\/wp\/v2\/users\/2"}],"replies":[{"embeddable":true,"href":"https:\/\/www.moharen.se\/index.php?rest_route=%2Fwp%2Fv2%2Fcomments&post=107"}],"version-history":[{"count":5,"href":"https:\/\/www.moharen.se\/index.php?rest_route=\/wp\/v2\/pages\/107\/revisions"}],"predecessor-version":[{"id":2231,"href":"https:\/\/www.moharen.se\/index.php?rest_route=\/wp\/v2\/pages\/107\/revisions\/2231"}],"up":[{"embeddable":true,"href":"https:\/\/www.moharen.se\/index.php?rest_route=\/wp\/v2\/pages\/2"}],"wp:attachment":[{"href":"https:\/\/www.moharen.se\/index.php?rest_route=%2Fwp%2Fv2%2Fmedia&parent=107"}],"curies":[{"name":"wp","href":"https:\/\/api.w.org\/{rel}","templated":true}]}}