{"id":96,"date":"2010-05-16T17:12:17","date_gmt":"2010-05-16T15:12:17","guid":{"rendered":"http:\/\/www.moharen.se\/?page_id=96"},"modified":"2014-03-16T20:49:50","modified_gmt":"2014-03-16T19:49:50","slug":"seasymphony-angel-eyes","status":"publish","type":"page","link":"http:\/\/www.moharen.se\/?page_id=96","title":{"rendered":"Seasymphony Angel Eyes"},"content":{"rendered":"<p><em>Selma dog pl\u00f6tsligt under en skogspromenad en tidig v\u00e5rdag den 11 mars 2014,\u00a0<a href=\"http:\/\/www.moharen.se\/?page_id=1269\">http:\/\/www.moharen.se\/?page_id=1269\u00a0<\/a><\/em><\/p>\n<p>Mattes &#8221;egen&#8221; hund, golden retriever Seasymphony Angel Eyes som lystrar till namnet Selma. En tik med stor arbetslust och motor som bara \u00e4lskar att springa och apportera. Tyv\u00e4rr lite f\u00f6r vek i psyket och fixar inte med efters\u00f6ksbiten. Dock en h\u00e4rlig familjehund som troget f\u00f6ljer matte p\u00e5 allehanda uppt\u00e5g.<\/p>\n<p><a href=\"http:\/\/www.moharen.se\/wp-content\/uploads\/2010\/05\/selma.jpg\"><img decoding=\"async\" loading=\"lazy\" class=\"alignnone size-full wp-image-97\" title=\"selma\" alt=\"\" src=\"http:\/\/www.moharen.se\/wp-content\/uploads\/2010\/05\/selma.jpg\" width=\"350\" height=\"406\" srcset=\"http:\/\/www.moharen.se\/wp-content\/uploads\/2010\/05\/selma.jpg 350w, http:\/\/www.moharen.se\/wp-content\/uploads\/2010\/05\/selma-258x300.jpg 258w\" sizes=\"(max-width: 350px) 100vw, 350px\" \/><\/a><\/p>\n","protected":false},"excerpt":{"rendered":"<p>Selma dog pl\u00f6tsligt under en skogspromenad en tidig v\u00e5rdag den 11 mars 2014,\u00a0http:\/\/www.moharen.se\/?page_id=1269\u00a0 Mattes &#8221;egen&#8221; hund, golden retriever Seasymphony Angel Eyes som lystrar till namnet Selma. En tik med stor arbetslust och motor som bara \u00e4lskar att springa och apportera. Tyv\u00e4rr lite f\u00f6r vek i psyket och fixar inte med efters\u00f6ksbiten. Dock en h\u00e4rlig familjehund [&hellip;]<\/p>\n","protected":false},"author":2,"featured_media":0,"parent":1269,"menu_order":40,"comment_status":"open","ping_status":"open","template":"","meta":{"_mi_skip_tracking":false,"ngg_post_thumbnail":0},"_links":{"self":[{"href":"http:\/\/www.moharen.se\/index.php?rest_route=\/wp\/v2\/pages\/96"}],"collection":[{"href":"http:\/\/www.moharen.se\/index.php?rest_route=\/wp\/v2\/pages"}],"about":[{"href":"http:\/\/www.moharen.se\/index.php?rest_route=\/wp\/v2\/types\/page"}],"author":[{"embeddable":true,"href":"http:\/\/www.moharen.se\/index.php?rest_route=\/wp\/v2\/users\/2"}],"replies":[{"embeddable":true,"href":"http:\/\/www.moharen.se\/index.php?rest_route=%2Fwp%2Fv2%2Fcomments&post=96"}],"version-history":[{"count":5,"href":"http:\/\/www.moharen.se\/index.php?rest_route=\/wp\/v2\/pages\/96\/revisions"}],"predecessor-version":[{"id":1559,"href":"http:\/\/www.moharen.se\/index.php?rest_route=\/wp\/v2\/pages\/96\/revisions\/1559"}],"up":[{"embeddable":true,"href":"http:\/\/www.moharen.se\/index.php?rest_route=\/wp\/v2\/pages\/1269"}],"wp:attachment":[{"href":"http:\/\/www.moharen.se\/index.php?rest_route=%2Fwp%2Fv2%2Fmedia&parent=96"}],"curies":[{"name":"wp","href":"https:\/\/api.w.org\/{rel}","templated":true}]}}