{"id":437,"date":"2010-11-04T20:44:30","date_gmt":"2010-11-04T19:44:30","guid":{"rendered":"http:\/\/www.moharen.se\/?page_id=437"},"modified":"2010-11-04T20:44:30","modified_gmt":"2010-11-04T19:44:30","slug":"j-prov-1a-101001","status":"publish","type":"page","link":"http:\/\/www.moharen.se\/?page_id=437","title":{"rendered":"J-prov 1:a 101001"},"content":{"rendered":"<p>Detta prov var egentligen \u00e4mnat att genomf\u00f6ras f\u00f6rra \u00e5ret men f\u00f6r dagen \u00e4lgtomma marker resulterade i ett omprov. Som hund\u00e4gare s\u00e5 vet man ju vad en gammal hund \u00e4r kapabel och extra roligt var det att han fick chansen att visa det n\u00e4r en domare var med i skogen. Kul f\u00f6rst\u00e5s att han fick ihop utm\u00e4rkta 88 po\u00e4ng trots att det inte stod still p\u00e5 upptagsplatsen.<\/p>\n<p><img decoding=\"async\" loading=\"lazy\" class=\"alignnone size-full wp-image-438\" title=\"milo-jprov5\" src=\"http:\/\/www.moharen.se\/wp-content\/uploads\/2010\/11\/milo-jprov5.jpg\" alt=\"\" width=\"600\" height=\"352\" srcset=\"http:\/\/www.moharen.se\/wp-content\/uploads\/2010\/11\/milo-jprov5.jpg 600w, http:\/\/www.moharen.se\/wp-content\/uploads\/2010\/11\/milo-jprov5-300x176.jpg 300w\" sizes=\"(max-width: 600px) 100vw, 600px\" \/><\/p>\n","protected":false},"excerpt":{"rendered":"<p>Detta prov var egentligen \u00e4mnat att genomf\u00f6ras f\u00f6rra \u00e5ret men f\u00f6r dagen \u00e4lgtomma marker resulterade i ett omprov. Som hund\u00e4gare s\u00e5 vet man ju vad en gammal hund \u00e4r kapabel och extra roligt var det att han fick chansen att visa det n\u00e4r en domare var med i skogen. Kul f\u00f6rst\u00e5s att han fick ihop [&hellip;]<\/p>\n","protected":false},"author":2,"featured_media":0,"parent":36,"menu_order":50,"comment_status":"open","ping_status":"open","template":"","meta":{"_mi_skip_tracking":false,"ngg_post_thumbnail":0},"_links":{"self":[{"href":"http:\/\/www.moharen.se\/index.php?rest_route=\/wp\/v2\/pages\/437"}],"collection":[{"href":"http:\/\/www.moharen.se\/index.php?rest_route=\/wp\/v2\/pages"}],"about":[{"href":"http:\/\/www.moharen.se\/index.php?rest_route=\/wp\/v2\/types\/page"}],"author":[{"embeddable":true,"href":"http:\/\/www.moharen.se\/index.php?rest_route=\/wp\/v2\/users\/2"}],"replies":[{"embeddable":true,"href":"http:\/\/www.moharen.se\/index.php?rest_route=%2Fwp%2Fv2%2Fcomments&post=437"}],"version-history":[{"count":2,"href":"http:\/\/www.moharen.se\/index.php?rest_route=\/wp\/v2\/pages\/437\/revisions"}],"predecessor-version":[{"id":440,"href":"http:\/\/www.moharen.se\/index.php?rest_route=\/wp\/v2\/pages\/437\/revisions\/440"}],"up":[{"embeddable":true,"href":"http:\/\/www.moharen.se\/index.php?rest_route=\/wp\/v2\/pages\/36"}],"wp:attachment":[{"href":"http:\/\/www.moharen.se\/index.php?rest_route=%2Fwp%2Fv2%2Fmedia&parent=437"}],"curies":[{"name":"wp","href":"https:\/\/api.w.org\/{rel}","templated":true}]}}