{"id":38,"date":"2010-05-13T15:35:21","date_gmt":"2010-05-13T13:35:21","guid":{"rendered":"http:\/\/www.moharen.se\/?page_id=38"},"modified":"2010-06-26T15:48:51","modified_gmt":"2010-06-26T13:48:51","slug":"utstallningsmeriter","status":"publish","type":"page","link":"http:\/\/www.moharen.se\/?page_id=38","title":{"rendered":"Utst\u00e4llningsmeriter"},"content":{"rendered":"<p>Milo \u00e4r en hane av utm\u00e4rkt typ. Har egentligen vad man \u00f6nskar sig p\u00e5 en j\u00e4mthundshane. Tyv\u00e4rr, sett med domarens \u00f6gon, har han en tunn slips vilket medf\u00f6r att han tilldelats 2:a pris p\u00e5 utst\u00e4llning.<\/p>\n<p><a href=\"http:\/\/www.moharen.se\/wp-content\/uploads\/2010\/05\/milo1.jpg\"><img decoding=\"async\" loading=\"lazy\" class=\"alignnone size-full wp-image-246\" title=\"milo1\" src=\"http:\/\/www.moharen.se\/wp-content\/uploads\/2010\/05\/milo1.jpg\" alt=\"\" width=\"360\" height=\"270\" srcset=\"http:\/\/www.moharen.se\/wp-content\/uploads\/2010\/05\/milo1.jpg 360w, http:\/\/www.moharen.se\/wp-content\/uploads\/2010\/05\/milo1-300x225.jpg 300w\" sizes=\"(max-width: 360px) 100vw, 360px\" \/><\/a><\/p>\n<p><strong>Hunneberg 2004-05-02<\/strong><br \/>\nDomare Arild Berget<br \/>\nResultat: 2:a juniorklass<br \/>\nKritik: v\u00e4lskuret huvud med m\u00f6rka fina \u00f6gon, bra \u00f6ron, bra rygg, hals, svans. n\u00e5got kort kropp, bra br\u00f6st, st\u00e4lls i n\u00e5got h\u00f6gt hull, ord. vinklad mycket goda r\u00f6relser, p\u00e4ls i f\u00e4llning \u00f6vertecknad slips, bett t\u00e4nder, ment utan anm\u00e4rkning.<\/p>\n<p><strong>Romme 2005-03-19<\/strong><br \/>\nDomare: Aina Lundmark<br \/>\nPris: 2:a Jaktklass<br \/>\nKritik: V\u00e4lskuret huvud som st\u00f6rs av n\u00e5got k\u00f6ttiga kinder n\u00e5got halsskinn, v\u00e4lkroppad f\u00e5r dock ej bli tyngre, v\u00e4lvinklad runt om med utm\u00e4rkta vinklar, benstomme &amp; r\u00f6relser. N\u00e5got veka mellanh\u00e4nder fram, v\u00e4luppvisad. Pga slips en 2:a. Tillg\u00e4nglighet utan anm\u00e4rkning.<\/p>\n","protected":false},"excerpt":{"rendered":"<p>Milo \u00e4r en hane av utm\u00e4rkt typ. Har egentligen vad man \u00f6nskar sig p\u00e5 en j\u00e4mthundshane. Tyv\u00e4rr, sett med domarens \u00f6gon, har han en tunn slips vilket medf\u00f6r att han tilldelats 2:a pris p\u00e5 utst\u00e4llning. Hunneberg 2004-05-02 Domare Arild Berget Resultat: 2:a juniorklass Kritik: v\u00e4lskuret huvud med m\u00f6rka fina \u00f6gon, bra \u00f6ron, bra rygg, hals, [&hellip;]<\/p>\n","protected":false},"author":2,"featured_media":0,"parent":34,"menu_order":0,"comment_status":"open","ping_status":"open","template":"","meta":{"_mi_skip_tracking":false,"ngg_post_thumbnail":0},"_links":{"self":[{"href":"http:\/\/www.moharen.se\/index.php?rest_route=\/wp\/v2\/pages\/38"}],"collection":[{"href":"http:\/\/www.moharen.se\/index.php?rest_route=\/wp\/v2\/pages"}],"about":[{"href":"http:\/\/www.moharen.se\/index.php?rest_route=\/wp\/v2\/types\/page"}],"author":[{"embeddable":true,"href":"http:\/\/www.moharen.se\/index.php?rest_route=\/wp\/v2\/users\/2"}],"replies":[{"embeddable":true,"href":"http:\/\/www.moharen.se\/index.php?rest_route=%2Fwp%2Fv2%2Fcomments&post=38"}],"version-history":[{"count":5,"href":"http:\/\/www.moharen.se\/index.php?rest_route=\/wp\/v2\/pages\/38\/revisions"}],"predecessor-version":[{"id":40,"href":"http:\/\/www.moharen.se\/index.php?rest_route=\/wp\/v2\/pages\/38\/revisions\/40"}],"up":[{"embeddable":true,"href":"http:\/\/www.moharen.se\/index.php?rest_route=\/wp\/v2\/pages\/34"}],"wp:attachment":[{"href":"http:\/\/www.moharen.se\/index.php?rest_route=%2Fwp%2Fv2%2Fmedia&parent=38"}],"curies":[{"name":"wp","href":"https:\/\/api.w.org\/{rel}","templated":true}]}}