{"id":34,"date":"2010-05-13T15:32:41","date_gmt":"2010-05-13T13:32:41","guid":{"rendered":"http:\/\/www.moharen.se\/?page_id=34"},"modified":"2014-06-08T22:21:10","modified_gmt":"2014-06-08T20:21:10","slug":"fisktjarnlidens-blixten","status":"publish","type":"page","link":"http:\/\/www.moharen.se\/?page_id=34","title":{"rendered":"SE J(L\u00f6)CH Fisktj\u00e4rnlidens Blixten (Milo)"},"content":{"rendered":"<p>Milo blev n\u00e4stan 11 \u00e5r. V\u00e5ren 2014 fick han somna in hemma hos Peter. Kroppen hade d\u00e5 b\u00f6rjat s\u00e4ga ifr\u00e5n och ansvaret som hund\u00e4gare var tungt n\u00e4r beslutet skulle tas.\u00a0<a href=\"http:\/\/www.moharen.se\/?p=1572\">http:\/\/www.moharen.se\/?p=1572<\/a><\/p>\n<p>Fisktj\u00e4rnlidens Blixten (Milo) kommer fr\u00e5n V\u00e4sterbotten och har Barro som\u00a0 far, en hane som visat sig vara en mycket bra ned\u00e4rvare och som fungerat mycket bra i skogen. Under sina glans dagar hade en otrolig f\u00f6rm\u00e5ga att finna \u00e4lg, en egenskap som \u00e4ven Milo delar. Blixten kallas Milo och det \u00e4r min bror Peters dotter som d\u00f6pt honom till det. Milo \u00e4gs till h\u00e4lften av Peter och det \u00e4r ocks\u00e5 han som mestadels har honom hemma hos sig.<\/p>\n<p>N\u00e4r Milo \u00e4r tillsammans med de \u00f6vriga hundarna \u00e4r han &#8221;Coolingen&#8221; i s\u00e4llskapet. Jaktligt s\u00e5 \u00e4r han i det n\u00e4rmaste en dr\u00f6mhund som fungerat i skogen fr\u00e5n f\u00f6rsta sl\u00e4pp. Milo \u00e4r en utm\u00e4rkt st\u00e5ndhund som har mycket h\u00f6g procent med st\u00e4llande av \u00e4lg i upptaget. Han har \u00e4ven sk\u00e4llt bj\u00f6rn vid n\u00e5got tillf\u00e4lle men d\u00e5 gjorde han det ordentligt, i cirka tre timmar, och hade husse varit lite mer rutinerad p\u00e5 den typen av jakt s\u00e5 kunde det slutat p\u00e5 ett helt annat s\u00e4tt. Nu gick det b\u00e4st f\u00f6r bj\u00f6rnen.<\/p>\n<p>Milo har ett mycket h\u00f6rbart skall och 100 procentig lydnad.Vem som helst kan kalla av honom fr\u00e5n s\u00e5v\u00e4l st\u00e5nd som g\u00e5ngst\u00e5nd oavsett hur l\u00e4nge han jobbat med \u00e4lgen\/\u00e4lgarna.<\/p>\n<p><a href=\"http:\/\/www.moharen.se\/wp-content\/uploads\/2010\/05\/milo.jpg\"><img decoding=\"async\" loading=\"lazy\" class=\"alignnone size-full wp-image-114\" title=\"milo\" alt=\"\" src=\"http:\/\/www.moharen.se\/wp-content\/uploads\/2010\/05\/milo.jpg\" width=\"400\" height=\"257\" srcset=\"http:\/\/www.moharen.se\/wp-content\/uploads\/2010\/05\/milo.jpg 400w, http:\/\/www.moharen.se\/wp-content\/uploads\/2010\/05\/milo-300x192.jpg 300w\" sizes=\"(max-width: 400px) 100vw, 400px\" \/><\/a><\/p>\n<p>Jag jagar med Milo under hela h\u00f6sten och d\u00e5 p\u00e5 marker fr\u00e5n V\u00e4sterbottens inland till de sm\u00e5l\u00e4ndska skogarna. Han fungerar mycket bra s\u00e5v\u00e4l i norr som s\u00f6der. Styrkan \u00e4r m\u00e5nga g\u00e5nger hans f\u00f6rm\u00e5ga att hitta \u00e4lg. Det \u00e4r s\u00e4llsynt att vi g\u00e5r heltomt och han verkar klara av att anpassa s\u00f6ket beroende p\u00e5 marken. M\u00f6jligen har han, de senaste \u00e5ren, tenderat att bli n\u00e5got vids\u00f6kt p\u00e5 \u00e4lgglesa marker i s\u00f6der.<\/p>\n<p>F\u00f6rsta \u00e4lgen sk\u00f6ts f\u00f6r Milo h\u00f6sten 2004 d\u00e5 han var drygt ett \u00e5r gammal. \u00c4lgen sk\u00f6ts p\u00e5 g\u00e5ngst\u00e5nd och Milo var v\u00e4ldigt n\u00f6jd med sitt jobb. Vi jagade v\u00e4ldigt f\u00f6rsiktigt med honom f\u00f6rsta h\u00f6sten och mer eller mindre enbart n\u00e4r vi kunde vara ute sj\u00e4lva, utan passkyttar. Peter sk\u00f6t en kalv p\u00e5 fast st\u00e5nd senare under h\u00f6sten.<\/p>\n<p>Som tidigare n\u00e4mnts s\u00e5 var Milo jaktmogen v\u00e4ldigt tidigt och eftersom han fungerade s\u00e5 pass bra direkt s\u00e5 anm\u00e4lde vi honom till tv\u00e5 jaktprov s\u00e4songen 2004 och det f\u00f6rsta provet gicks den 2 oktober 2004. Milo fick tag p\u00e5 ko och kalv och sk\u00f6tte sig med den \u00e4ran. Resultatet blev en etta med 80 egenskapspo\u00e4ng. Milo var d\u00e5 inte ens 15 m\u00e5nader gammal. Med tanke p\u00e5 att han var l\u00f6s i skogen f\u00f6rsta g\u00e5ngen den 21 augusti och tog ett f\u00f6rstapris p\u00e5 jaktprov den 2 oktober s\u00e5 f\u00f6rst\u00e5r ni att det var tv\u00e5 n\u00f6jda \u00e4gare den dagen. Senare p\u00e5 s\u00e4songen tog han sin andra etta, den g\u00e5ngen med 75,5 po\u00e4ng. Lite orutinerat s\u00e5 hade vi inte anm\u00e4lt till fler prov och d\u00e4rf\u00f6r fick han aldrig chansen att ta sitt championat f\u00f6rsta s\u00e4songen.<br \/>\n\u00c5ret efter startades Milo p\u00e5 sitt tredje prov och otroligt gl\u00e4djande s\u00e5 tog han sin tredje raka etta och fick d\u00e5 85,5 po\u00e4ng. Milo var d\u00e4rmed klar jaktchampion vid en \u00e5lder av tv\u00e5 \u00e5r och fem m\u00e5nader.<\/p>\n<p>Fr\u00e5n och med h\u00f6sten 2005 var det full jakt och Milo har funkat helt otroligt bra sedan dess. I genomsnitt har det skjutits 10 \u00e4lgar om \u00e5ret f\u00f6r honom sedan dess och cirka 80 procent av dom \u00e4r skjutna p\u00e5 fast st\u00e5nd eller g\u00e5ngst\u00e5nd. Exempelvis s\u00e4songen 2008\/2009 sk\u00f6ts det tretton \u00e4lgar f\u00f6r Milo och \u00e5tta sk\u00f6ts p\u00e5 fast st\u00e5nd, fyra p\u00e5 g\u00e5ngst\u00e5nd men bara en sken\u00e4lg.<\/p>\n<p>Milo \u00e4r \u00e4nnu inte provad i avel och troligen beror det svala intresset fr\u00e5n tik\u00e4gare p\u00e5 den vita strimma han har p\u00e5 halsens undersida. Milo har en tunn, s\u00e5 kallad slips vilket medf\u00f6rt att han tilldelas bara 2:a pris p\u00e5 utst\u00e4llning. Milos kullbror, Fisktj\u00e4rnlidens Burre, \u00e4r d\u00e4remot anv\u00e4nd i avel med mycket gott resultat.<\/p>\n<p>Jag har filmat en g\u00e5ng n\u00e4r Milo sk\u00e4ller st\u00e5ndskall. Det var en ensam ko och det som \u00e5terstod p\u00e5 licensen var kalv s\u00e5 det blev film ist\u00e4llet. P\u00e5 filmen kan du se hur v\u00e4l lydnaden fungerar ocks\u00e5. <a href=\"http:\/\/www.tdf.se\/backaby\/index.php?movie\" target=\"_blank\">Klicka h\u00e4r f\u00f6r att se filmen.<\/a><\/p>\n<p>F\u00f6r den som \u00e4r intresserad s\u00e5 finns samtliga Milos prov att se p\u00e5 Jyckedata, <a href=\"http:\/\/www.alghundklubben.com\/_jyckedata\/Jyckeval.asp?Regnummer=%20S48772\/2003\" target=\"_blank\">klicka h\u00e4r f\u00f6r att komma direkt dit.<\/a><\/p>\n","protected":false},"excerpt":{"rendered":"<p>Milo blev n\u00e4stan 11 \u00e5r. V\u00e5ren 2014 fick han somna in hemma hos Peter. Kroppen hade d\u00e5 b\u00f6rjat s\u00e4ga ifr\u00e5n och ansvaret som hund\u00e4gare var tungt n\u00e4r beslutet skulle tas.\u00a0http:\/\/www.moharen.se\/?p=1572 Fisktj\u00e4rnlidens Blixten (Milo) kommer fr\u00e5n V\u00e4sterbotten och har Barro som\u00a0 far, en hane som visat sig vara en mycket bra ned\u00e4rvare och som fungerat mycket [&hellip;]<\/p>\n","protected":false},"author":2,"featured_media":0,"parent":1269,"menu_order":20,"comment_status":"open","ping_status":"open","template":"","meta":{"_mi_skip_tracking":false,"ngg_post_thumbnail":0},"_links":{"self":[{"href":"http:\/\/www.moharen.se\/index.php?rest_route=\/wp\/v2\/pages\/34"}],"collection":[{"href":"http:\/\/www.moharen.se\/index.php?rest_route=\/wp\/v2\/pages"}],"about":[{"href":"http:\/\/www.moharen.se\/index.php?rest_route=\/wp\/v2\/types\/page"}],"author":[{"embeddable":true,"href":"http:\/\/www.moharen.se\/index.php?rest_route=\/wp\/v2\/users\/2"}],"replies":[{"embeddable":true,"href":"http:\/\/www.moharen.se\/index.php?rest_route=%2Fwp%2Fv2%2Fcomments&post=34"}],"version-history":[{"count":9,"href":"http:\/\/www.moharen.se\/index.php?rest_route=\/wp\/v2\/pages\/34\/revisions"}],"predecessor-version":[{"id":116,"href":"http:\/\/www.moharen.se\/index.php?rest_route=\/wp\/v2\/pages\/34\/revisions\/116"}],"up":[{"embeddable":true,"href":"http:\/\/www.moharen.se\/index.php?rest_route=\/wp\/v2\/pages\/1269"}],"wp:attachment":[{"href":"http:\/\/www.moharen.se\/index.php?rest_route=%2Fwp%2Fv2%2Fmedia&parent=34"}],"curies":[{"name":"wp","href":"https:\/\/api.w.org\/{rel}","templated":true}]}}