{"id":2664,"date":"2026-01-06T10:25:40","date_gmt":"2026-01-06T09:25:40","guid":{"rendered":"https:\/\/www.moharen.se\/?page_id=2664"},"modified":"2026-01-06T10:25:40","modified_gmt":"2026-01-06T09:25:40","slug":"kolarbergets-uno","status":"publish","type":"page","link":"http:\/\/www.moharen.se\/?page_id=2664","title":{"rendered":"Kolarbergets Uno"},"content":{"rendered":"\n<figure class=\"wp-block-image size-large\"><img decoding=\"async\" loading=\"lazy\" width=\"1024\" height=\"707\" src=\"https:\/\/www.moharen.se\/wp-content\/uploads\/2026\/01\/uno1-1024x707.jpg\" alt=\"\" class=\"wp-image-2665\" srcset=\"http:\/\/www.moharen.se\/wp-content\/uploads\/2026\/01\/uno1-1024x707.jpg 1024w, http:\/\/www.moharen.se\/wp-content\/uploads\/2026\/01\/uno1-500x345.jpg 500w, http:\/\/www.moharen.se\/wp-content\/uploads\/2026\/01\/uno1-768x530.jpg 768w, http:\/\/www.moharen.se\/wp-content\/uploads\/2026\/01\/uno1-1536x1060.jpg 1536w, http:\/\/www.moharen.se\/wp-content\/uploads\/2026\/01\/uno1-2048x1413.jpg 2048w, http:\/\/www.moharen.se\/wp-content\/uploads\/2026\/01\/uno1-624x431.jpg 624w\" sizes=\"(max-width: 1024px) 100vw, 1024px\" \/><\/figure>\n\n\n\n<p>Kolarbergets Uno \u00e4r v\u00e5r andra hane och en parningsvalp efter Dramm. En valp som kom in i flocken v\u00e5ren 2025 och som har en otroligt h\u00e4rlig personlighet. Busig, lurig och p\u00e5hittig kan nog enklast sammanfatta Unos personlighet. Men han ocks\u00e5 totalt genomsn\u00e4ll precis som sin far.<\/p>\n\n\n\n<p>Uppf\u00f6dare till Uno \u00e4r Johan Olsson i Delsbo. Moder \u00e4r Kolarbergets Idun, en snygg tik som jagar otroligt bra. Idun \u00e4r provad i avel sedan tidigare med mycket gott resultat och vi hoppas f\u00f6rst\u00e5s att U-kullen, Iduns tredje kull, ska bli minst lika bra som de tidigare.<\/p>\n\n\n\n<p>L\u00e4nk till Hittaalghund har ni \u00e4r,\u00a0<a href=\"https:\/\/www.hittaalghund.se\/dog.asp?Regnummer=SE23051\/2025\">http:\/\/www.hittaalghund.se\/dog.asp?Regnummer=SE23151\/2025<\/a><\/p>\n\n\n\n<p><strong>Kolarbergets Uno<\/strong><br>E: SE J(L\u00f6)CH SE J(L\u00f6)CH NO J(L\u00f6)CH SE UCH NO UCH Moharens Dramm<br>U: SE J(L\u00f6)CH FI JCH SE UCH Kolarbergets Idun<br>\u00c4gare: Ted Karlsson, Moharens kennel<\/p>\n\n\n\n<p>Utst\u00e4llningsmeriter:\u00a0<br>1 Valp, HP (Bj\u00f6rk\u00f6by 2025-09-28)<\/p>\n","protected":false},"excerpt":{"rendered":"<p>Kolarbergets Uno \u00e4r v\u00e5r andra hane och en parningsvalp efter Dramm. En valp som kom in i flocken v\u00e5ren 2025 och som har en otroligt h\u00e4rlig personlighet. Busig, lurig och p\u00e5hittig kan nog enklast sammanfatta Unos personlighet. Men han ocks\u00e5 totalt genomsn\u00e4ll precis som sin far. Uppf\u00f6dare till Uno \u00e4r Johan Olsson i Delsbo. Moder [&hellip;]<\/p>\n","protected":false},"author":2,"featured_media":0,"parent":7,"menu_order":19,"comment_status":"closed","ping_status":"closed","template":"","meta":{"_mi_skip_tracking":false,"ngg_post_thumbnail":0},"_links":{"self":[{"href":"http:\/\/www.moharen.se\/index.php?rest_route=\/wp\/v2\/pages\/2664"}],"collection":[{"href":"http:\/\/www.moharen.se\/index.php?rest_route=\/wp\/v2\/pages"}],"about":[{"href":"http:\/\/www.moharen.se\/index.php?rest_route=\/wp\/v2\/types\/page"}],"author":[{"embeddable":true,"href":"http:\/\/www.moharen.se\/index.php?rest_route=\/wp\/v2\/users\/2"}],"replies":[{"embeddable":true,"href":"http:\/\/www.moharen.se\/index.php?rest_route=%2Fwp%2Fv2%2Fcomments&post=2664"}],"version-history":[{"count":1,"href":"http:\/\/www.moharen.se\/index.php?rest_route=\/wp\/v2\/pages\/2664\/revisions"}],"predecessor-version":[{"id":2666,"href":"http:\/\/www.moharen.se\/index.php?rest_route=\/wp\/v2\/pages\/2664\/revisions\/2666"}],"up":[{"embeddable":true,"href":"http:\/\/www.moharen.se\/index.php?rest_route=\/wp\/v2\/pages\/7"}],"wp:attachment":[{"href":"http:\/\/www.moharen.se\/index.php?rest_route=%2Fwp%2Fv2%2Fmedia&parent=2664"}],"curies":[{"name":"wp","href":"https:\/\/api.w.org\/{rel}","templated":true}]}}