{"id":2660,"date":"2026-01-06T09:59:23","date_gmt":"2026-01-06T08:59:23","guid":{"rendered":"https:\/\/www.moharen.se\/?page_id=2660"},"modified":"2026-01-06T09:59:23","modified_gmt":"2026-01-06T08:59:23","slug":"valpar-2025-g-kullen","status":"publish","type":"page","link":"http:\/\/www.moharen.se\/?page_id=2660","title":{"rendered":"Valpar 2025 G-kullen"},"content":{"rendered":"\n<p>6 maj 2025 f\u00f6ddes Moharens G-kull efter Moharens Elly och Kolarbergets MR-Hirvi. Det blev sex valpar f\u00f6rdelat p\u00e5 fyra hanar och tv\u00e5 tikar.<\/p>\n\n\n\n<p><a href=\"https:\/\/www.hittaalghund.se\/dog.asp?Regnummer=%20SE29847\/2025\">Moharens Gunvald<\/a>, Kent och Erik Hansson, Fugelsta<\/p>\n\n\n\n<p><a href=\"https:\/\/www.hittaalghund.se\/dog.asp?Regnummer=%20SE29848\/2025\">Moharens Gurra<\/a>, Eva-Marie Gudmunds, Lima<\/p>\n\n\n\n<p><a href=\"https:\/\/www.hittaalghund.se\/dog.asp?Regnummer=%20SE29849\/2025\">Moharens Gibson<\/a>, Magnus Nordlund, R\u00e5ne\u00e5<\/p>\n\n\n\n<p><a href=\"https:\/\/www.hittaalghund.se\/dog.asp?Regnummer=%20SE29850\/2025\">Moharens Gosse<\/a>, Joakim Aschan, Grimsl\u00f6v<\/p>\n\n\n\n<p><a href=\"https:\/\/www.hittaalghund.se\/dog.asp?Regnummer=%20SE29851\/2025\">Moharens Greta<\/a>, Johan Lindberg, V\u00e4nn\u00e4s<\/p>\n\n\n\n<p><a href=\"https:\/\/www.hittaalghund.se\/dog.asp?Regnummer=%20SE29852\/2025\">Moharens Gaia<\/a>, H\u00e5kan \u00d6stang\u00e5rd, N\u00e4shult<\/p>\n\n\n\n<p><\/p>\n","protected":false},"excerpt":{"rendered":"<p>6 maj 2025 f\u00f6ddes Moharens G-kull efter Moharens Elly och Kolarbergets MR-Hirvi. Det blev sex valpar f\u00f6rdelat p\u00e5 fyra hanar och tv\u00e5 tikar. Moharens Gunvald, Kent och Erik Hansson, Fugelsta Moharens Gurra, Eva-Marie Gudmunds, Lima Moharens Gibson, Magnus Nordlund, R\u00e5ne\u00e5 Moharens Gosse, Joakim Aschan, Grimsl\u00f6v Moharens Greta, Johan Lindberg, V\u00e4nn\u00e4s Moharens Gaia, H\u00e5kan \u00d6stang\u00e5rd, N\u00e4shult<\/p>\n","protected":false},"author":2,"featured_media":0,"parent":2033,"menu_order":5,"comment_status":"closed","ping_status":"closed","template":"","meta":{"_mi_skip_tracking":false,"ngg_post_thumbnail":0},"_links":{"self":[{"href":"http:\/\/www.moharen.se\/index.php?rest_route=\/wp\/v2\/pages\/2660"}],"collection":[{"href":"http:\/\/www.moharen.se\/index.php?rest_route=\/wp\/v2\/pages"}],"about":[{"href":"http:\/\/www.moharen.se\/index.php?rest_route=\/wp\/v2\/types\/page"}],"author":[{"embeddable":true,"href":"http:\/\/www.moharen.se\/index.php?rest_route=\/wp\/v2\/users\/2"}],"replies":[{"embeddable":true,"href":"http:\/\/www.moharen.se\/index.php?rest_route=%2Fwp%2Fv2%2Fcomments&post=2660"}],"version-history":[{"count":1,"href":"http:\/\/www.moharen.se\/index.php?rest_route=\/wp\/v2\/pages\/2660\/revisions"}],"predecessor-version":[{"id":2661,"href":"http:\/\/www.moharen.se\/index.php?rest_route=\/wp\/v2\/pages\/2660\/revisions\/2661"}],"up":[{"embeddable":true,"href":"http:\/\/www.moharen.se\/index.php?rest_route=\/wp\/v2\/pages\/2033"}],"wp:attachment":[{"href":"http:\/\/www.moharen.se\/index.php?rest_route=%2Fwp%2Fv2%2Fmedia&parent=2660"}],"curies":[{"name":"wp","href":"https:\/\/api.w.org\/{rel}","templated":true}]}}