{"id":2329,"date":"2020-01-20T10:18:59","date_gmt":"2020-01-20T09:18:59","guid":{"rendered":"http:\/\/www.moharen.se\/?page_id=2329"},"modified":"2026-01-09T06:52:21","modified_gmt":"2026-01-09T05:52:21","slug":"moharens-dramm","status":"publish","type":"page","link":"http:\/\/www.moharen.se\/?page_id=2329","title":{"rendered":"SE J(L\u00f6)CH NO J(L\u00f6)CH SE UCH NO UCH Moharens Dramm"},"content":{"rendered":"\n<figure class=\"wp-block-image\"><img decoding=\"async\" loading=\"lazy\" width=\"1024\" height=\"825\" src=\"http:\/\/www.moharen.se\/wp-content\/uploads\/2021\/08\/229674322_3880850842020678_8068508319543995771_n-1-1024x825.jpg\" alt=\"\" class=\"wp-image-2438\" srcset=\"http:\/\/www.moharen.se\/wp-content\/uploads\/2021\/08\/229674322_3880850842020678_8068508319543995771_n-1-1024x825.jpg 1024w, http:\/\/www.moharen.se\/wp-content\/uploads\/2021\/08\/229674322_3880850842020678_8068508319543995771_n-1-497x400.jpg 497w, http:\/\/www.moharen.se\/wp-content\/uploads\/2021\/08\/229674322_3880850842020678_8068508319543995771_n-1-768x618.jpg 768w, http:\/\/www.moharen.se\/wp-content\/uploads\/2021\/08\/229674322_3880850842020678_8068508319543995771_n-1-624x502.jpg 624w, http:\/\/www.moharen.se\/wp-content\/uploads\/2021\/08\/229674322_3880850842020678_8068508319543995771_n-1.jpg 1032w\" sizes=\"(max-width: 1024px) 100vw, 1024px\" \/><figcaption class=\"wp-element-caption\">Foto: Brus Theres Mattsson<\/figcaption><\/figure>\n\n\n\n<p>Moharens Dramm \u00e4r charmknutten fr\u00e5n Lunnsas f\u00f6rsta kull som stannade p\u00e5 kenneln. En h\u00e4rlig personlighet med ett fantastiskt lynne. Han bara \u00e4lskar m\u00e4nniskor och andra hundar. Sn\u00e4ll som ett lamm, otroligt rolig hund att jaga med och v\u00e4ldigt snygg att se p\u00e5. Kort sagt, en riktig \u00f6nskehund.  <\/p>\n\n\n\n<p>Injagningen av Dramm p\u00e5b\u00f6rjades vid septemberjakten 2020 d\u00e5 han var 18 m\u00e5nader. Han var snabb att fatta vad detta gick ut p\u00e5 och redan under jaktens andra vecka f\u00f6ll f\u00f6rsta \u00e4lgen f\u00f6r honom. Tidigt bra s\u00f6k och fin \u00e5terg\u00e5ng med bra samarbete.<\/p>\n\n\n\n<p>Dramm startade p\u00e5 sitt f\u00f6rsta jaktprov 2020-11-13 och klarade d\u00e5 av ett f\u00f6rstapris, blev sedan tv\u00e5 starter till, 19 och 24 samma m\u00e5nad och b\u00e5da g\u00e5nger med 1:a pris som resultat. D\u00e4rmed var Dramm klar med sitt jaktchampionat p\u00e5 3 raka ettor, er\u00f6vrade 12 dagar och d\u00e5 1 \u00e5r och 8 m\u00e5nader gammal.<\/p>\n\n\n\n<p>P\u00e5 grund av pandemin fick utst\u00e4llningarna v\u00e4nta, f\u00f6rutom den i valpklass sommaren 2019 och juniorklass v\u00e5ren 2020. <br>F\u00f6r att f\u00e5 ut jaktchampionatet var Dramm med vid en exteri\u00f6rbed\u00f6mning i januari 2021, tilldelades Excellent och \u00e4ven CK.<br>I juni kom s\u00e5 \u00e4ntligen utst\u00e4llningsverksamheten ig\u00e5ng igen. Dramm st\u00e4lldes p\u00e5 Hunneberg och gjorde oss v\u00e4ldigt stolt. H\u00e4rligt beteende b\u00e5de i och utanf\u00f6r ringen och dessutom mycket fin bed\u00f6mning d\u00e4r han till slut stod som b\u00e4sta hane och BIM.<br>En dryg m\u00e5nad senare var det dags f\u00f6r dubbelust\u00e4llning i j\u00e4mtl\u00e4ndska Hede. F\u00f6rsta dagen var dessutom jubileumsutst\u00e4llning f\u00f6r j\u00e4mthundsrasen som firar 75-\u00e5r. Enormt mycket anm\u00e4lda hundar, bara j\u00e4mthundhanar var en bra bit \u00f6ver 100.<br>Dramm g\u00f6r \u00e5terigen en fantastisk dag. Vinner jaktklassen, utses till b\u00e4sta hane och f\u00e5r f\u00f6r andra utst\u00e4llningen i rad stoltsera som BIM. Att f\u00e5 g\u00f6ra det p\u00e5 denna jubileumsutst\u00e4llning var oerh\u00f6rt stort.<br>Dag tv\u00e5 i Hede blev \u00e4ven den en framg\u00e5ng f\u00f6r Dramm, efter h\u00e5rd konkurrens stod han till slut som nummer fem i jaktklassen, tilldelades ett CK och blev d\u00e4rmed klar utst\u00e4llningschampion, 2 \u00e5r och 4 m\u00e5nader gammal. <br>CK f\u00f6r championat har han f\u00e5tt av tre olika domare. Han \u00e4r nu utst\u00e4lld 13 g\u00e5nger, varav tre g\u00e5nger i Norge. B\u00f6rjade med valpklass och HP d\u00e4r. Sedan elva g\u00e5nger i officiell klass, samtliga g\u00e5nger med CK. En g\u00e5ng har st\u00e5tt som BIR och tre g\u00e5nger som BIM. Han \u00e4r ocks\u00e5 Norsk utst\u00e4llningschampion.<\/p>\n\n\n\n<p><a rel=\"noreferrer noopener\" href=\"http:\/\/www.hittaalghund.se\/dog.asp?Regnummer=SE22850\/2019\" target=\"_blank\">L\u00e4nk till Hitta \u00c4lghund, klicka h\u00e4r <\/a><\/p>\n\n\n\n<p><strong>Moharens Dramm<\/strong><br> E: SE J(L\u00f6)CH Albertssons Hero<br> U: SE J(L\u00f6)CH NO J(L\u00f6)CH S\u00f6romb\u00e4ckens Lunnsa<br> \u00c4gare: Ted Karlsson, Moharens kennel<\/p>\n\n\n\n<p>HD: A<br>ED: UA<\/p>\n\n\n\n<p><strong>Jaktprovsmeriter<\/strong><br>2020-01-06 Godk\u00e4nt \u00e4lgsp\u00e5rprov<br><a rel=\"noreferrer noopener\" aria-label=\"2020-11-13 1:a pris 73,5 po\u00e4ng (\u00f6ppnas i en ny flik)\" href=\"http:\/\/www.hittaalghund.se\/Prov_Main.asp?regnummer=SE22850\/2019&amp;provdatum=20201113&amp;HundNamn=&amp;provdata_id=126797\" target=\"_blank\">2020-11-13 1:a pris 73,5 po\u00e4ng<\/a><br><a rel=\"noreferrer noopener\" aria-label=\"2020-11-19 1:a pris 87,5 po\u00e4ng (\u00f6ppnas i en ny flik)\" href=\"http:\/\/www.hittaalghund.se\/Prov_Main.asp?regnummer=SE22850\/2019&amp;provdatum=20201119&amp;HundNamn=&amp;provdata_id=129140\" target=\"_blank\">2020-11-19 1:a pris 87,5 po\u00e4ng<\/a><br><a rel=\"noreferrer noopener\" aria-label=\"2020-11-24 1:a pris, 77 po\u00e4ng (\u00f6ppnas i en ny flik)\" href=\"http:\/\/www.hittaalghund.se\/Prov_Main.asp?regnummer=SE22850\/2019&amp;provdatum=20201124&amp;HundNamn=&amp;provdata_id=129423\" target=\"_blank\">2020-11-24 1:a pris, 77 po\u00e4ng<\/a><br><a href=\"http:\/\/www.hittaalghund.se\/Prov_Main.asp?regnummer=SE22850\/2019&amp;provdatum=20210925&amp;HundNamn=&amp;provdata_id=133749\">2021-09-25 1:a pris, 87 po\u00e4ng, vinnare av KM och SM-kval<\/a><br><a href=\"http:\/\/www.hittaalghund.se\/Prov_Main.asp?regnummer=SE22850\/2019&amp;provdatum=20211108&amp;HundNamn=&amp;provdata_id=\">2021-11-08 1:a pris 75 po\u00e4ng (Norge 2-dagars)<\/a><br><a href=\"http:\/\/www.hittaalghund.se\/Prov_Main.asp?regnummer=SE22850\/2019&amp;provdatum=20211109&amp;HundNamn=&amp;provdata_id=\">2021-11-09 1:a pris 72 po\u00e4ng (Norge 2-dagars)<\/a><br><a href=\"http:\/\/www.hittaalghund.se\/Prov_Main.asp?regnummer=SE22850\/2019&amp;provdatum=20221001&amp;HundNamn=&amp;provdata_id=139926\">2022-10-01 0:a pris 23,5 po\u00e4ng \u00c4lghund-SM<\/a><br><a rel=\"noreferrer noopener\" href=\"https:\/\/www.hittaalghund.se\/Prov_Main.asp?regnummer=SE22850\/2019&amp;provdatum=20251031&amp;HundNamn=&amp;provdata_id=220864\" target=\"_blank\">2025-10-31 1:a pris 77,5 po\u00e4ng 4:a J\u00e4mthundsm\u00e4sterskapet<\/a><\/p>\n\n\n\n<p><strong>Utst\u00e4llningsmeriter<\/strong>: <a href=\"http:\/\/www.moharen.se\/?page_id=2340\"><br><\/a>1 valp, HP (Junsele 2019-08-03)<br>Exc Junkl, 1 Junkk, CK, 2 BHKL (Moheda-02-16)<br>Exc Jkl, CK (Exteri\u00f6rbed\u00f6mning J\u00f6nk\u00f6ping 2021-01-23)<br>Exc Jkl, 1 Jkk, CK, Cert, 1 Bhkl, BIM (Hunneberg 2021-06-19)<br>Exc Jkl, 1 Jkk, CK, Cert, 1 Bhkl, BIM (Hede 2021-07-24)<br>Exc Jkl, Opl Jkk, CK (Hede 2021-07-25) Svensk utst\u00e4llningschampion<br>Exc Jkl, 1 Jkk, CK, 1 Bhkl, BIM (Torne 2021-08-01)<br>Exc Chkl, 1 Chkk, CK, 4 Bhkl (Moheda 2022-02-13)<br>Exc Jkl, 2 Jkk, CK, R-Cert, 2 Bhkl (Norge 2022-04-02)<br>Exc Jkl, 2 Jkk, CK, R-Cert, 2 Bhkl (Norge 2022-04-03)<br>Exc Chkl, 1 Chkk, CK, 3 Bhkl (Torne 2023-05-13)<br>Exc Jkl, 1 Jkk, CK, Cert, 1 Bhkl, BIR, BIS2 (Norge 2023-08-26) Norsk utst\u00e4llningschampion<br>Exc Chkl, 1 Chkk, CK, 1 Bhkl BIM (Torne 2023-05-24) J\u00e4mthundklubbens riksutst\u00e4llning<br><\/p>\n\n\n\n<p><strong>Avelsgrupp<\/strong><br>1:a avelsgrupp, HP (Moheda 2022-02-13)<br>1:a avelsgrupp, HP (Moheda 2023-02-12)<br>1:a avelsgrupp, HP (Torne 2023-05-13)<\/p>\n\n\n\n<figure class=\"wp-block-image\"><img decoding=\"async\" loading=\"lazy\" width=\"1024\" height=\"683\" src=\"http:\/\/www.moharen.se\/wp-content\/uploads\/2021\/08\/232587357_3879935192112243_5643358062057223881_n-1024x683.jpg\" alt=\"\" class=\"wp-image-2439\" srcset=\"http:\/\/www.moharen.se\/wp-content\/uploads\/2021\/08\/232587357_3879935192112243_5643358062057223881_n-1024x683.jpg 1024w, http:\/\/www.moharen.se\/wp-content\/uploads\/2021\/08\/232587357_3879935192112243_5643358062057223881_n-500x333.jpg 500w, http:\/\/www.moharen.se\/wp-content\/uploads\/2021\/08\/232587357_3879935192112243_5643358062057223881_n-768x512.jpg 768w, http:\/\/www.moharen.se\/wp-content\/uploads\/2021\/08\/232587357_3879935192112243_5643358062057223881_n-624x416.jpg 624w, http:\/\/www.moharen.se\/wp-content\/uploads\/2021\/08\/232587357_3879935192112243_5643358062057223881_n.jpg 2048w\" sizes=\"(max-width: 1024px) 100vw, 1024px\" \/><figcaption class=\"wp-element-caption\">Dramm blev b\u00e4sta hane vid rasens jubileumsutst\u00e4llning i Hede 2021. <br>Foto Brus Theres Mattsson<\/figcaption><\/figure>\n\n\n\n<p><strong>Valpar efter Dramm<\/strong><br>Efter Dramms fina resultat p\u00e5 jaktprov var det ett stort intresse f\u00f6r att prova honom i avel. Vi hade f\u00f6rm\u00e5nen att f\u00e5 para honom med fem v\u00e4lmeriterade tikar d\u00e4r vi tror mycket p\u00e5 att de kombinationerna ska ge rej\u00e4la jakthundar. Nedan redovisas de kullar som \u00e4r f\u00f6dda.<\/p>\n\n\n\n<p><strong>SE J(L\u00f6)CH SE UCH St\u00e5ndfast Doris<\/strong>, 4 hanar, 1 tik, f\u00f6dda 2021-01-21<br><strong>SE J(L\u00f6)CH Fredmarkens NA-Kajsa<\/strong>, 4 hanar, 4 tikar, f\u00f6dda 2021-03-25<br><strong>SE J(L\u00f6)CH Allangropens Ciwi<\/strong>, 3 hanar, 5 tikar, f\u00f6dda 2021-03-26<br><strong>JSE J(L\u00f6)CH \u00e4mtens Fixa<\/strong>, 2 hanar, 3 tikar, f\u00f6dda 2021-04-17<br><strong>SE J(L\u00f6)CH Urmakarns Cava,<\/strong> 6 hanar, 1 tik, f\u00f6dda 2021-04-27<\/p>\n\n\n\n<p>Efter utv\u00e4rdering p\u00e5 de fem f\u00f6rsta kullarna har ytterligare kullar f\u00f6tts.<br><strong>SE J(L\u00f6)CH H\u00e4lleb\u00e4cks Jina, <\/strong>1 hane, 3 tikar, f\u00f6dda 2023-06-29<br><\/p>\n\n\n\n<p><a rel=\"noreferrer noopener\" aria-label=\"L\u00e4nk till Hitta \u00c4lghund, klicka h\u00e4r  (\u00f6ppnas i en ny flik)\" href=\"http:\/\/www.hittaalghund.se\/dog.asp?Regnummer=SE22850\/2019\" target=\"_blank\"><\/a><br><\/p>\n\n\n\n<figure class=\"wp-block-image\"><img decoding=\"async\" loading=\"lazy\" width=\"883\" height=\"1024\" src=\"http:\/\/www.moharen.se\/wp-content\/uploads\/2020\/01\/20CUrOIQ-883x1024.jpeg\" alt=\"\" class=\"wp-image-2334\" srcset=\"http:\/\/www.moharen.se\/wp-content\/uploads\/2020\/01\/20CUrOIQ-883x1024.jpeg 883w, http:\/\/www.moharen.se\/wp-content\/uploads\/2020\/01\/20CUrOIQ-345x400.jpeg 345w, http:\/\/www.moharen.se\/wp-content\/uploads\/2020\/01\/20CUrOIQ-768x891.jpeg 768w, http:\/\/www.moharen.se\/wp-content\/uploads\/2020\/01\/20CUrOIQ-624x724.jpeg 624w, http:\/\/www.moharen.se\/wp-content\/uploads\/2020\/01\/20CUrOIQ.jpeg 1680w\" sizes=\"(max-width: 883px) 100vw, 883px\" \/><figcaption class=\"wp-element-caption\">Moharends Dramm, 7 veckor<\/figcaption><\/figure>\n\n\n\n<figure class=\"wp-block-image\"><img decoding=\"async\" loading=\"lazy\" width=\"1024\" height=\"978\" src=\"http:\/\/www.moharen.se\/wp-content\/uploads\/2020\/01\/YPDAp7Ag-1024x978.jpeg\" alt=\"\" class=\"wp-image-2335\" srcset=\"http:\/\/www.moharen.se\/wp-content\/uploads\/2020\/01\/YPDAp7Ag-1024x978.jpeg 1024w, http:\/\/www.moharen.se\/wp-content\/uploads\/2020\/01\/YPDAp7Ag-419x400.jpeg 419w, http:\/\/www.moharen.se\/wp-content\/uploads\/2020\/01\/YPDAp7Ag-768x733.jpeg 768w, http:\/\/www.moharen.se\/wp-content\/uploads\/2020\/01\/YPDAp7Ag-624x596.jpeg 624w\" sizes=\"(max-width: 1024px) 100vw, 1024px\" \/><figcaption class=\"wp-element-caption\">Moharens Dramm 6 1\/2 veck<\/figcaption><\/figure>\n\n\n\n<figure class=\"wp-block-image\"><img decoding=\"async\" loading=\"lazy\" width=\"1024\" height=\"1024\" src=\"http:\/\/www.moharen.se\/wp-content\/uploads\/2020\/01\/mWCYGGdw-1024x1024.jpeg\" alt=\"\" class=\"wp-image-2336\" srcset=\"http:\/\/www.moharen.se\/wp-content\/uploads\/2020\/01\/mWCYGGdw-1024x1024.jpeg 1024w, http:\/\/www.moharen.se\/wp-content\/uploads\/2020\/01\/mWCYGGdw-150x150.jpeg 150w, http:\/\/www.moharen.se\/wp-content\/uploads\/2020\/01\/mWCYGGdw-400x400.jpeg 400w, http:\/\/www.moharen.se\/wp-content\/uploads\/2020\/01\/mWCYGGdw-768x768.jpeg 768w, http:\/\/www.moharen.se\/wp-content\/uploads\/2020\/01\/mWCYGGdw-624x624.jpeg 624w\" sizes=\"(max-width: 1024px) 100vw, 1024px\" \/><\/figure>\n\n\n\n<figure class=\"wp-block-image\"><img decoding=\"async\" loading=\"lazy\" width=\"1024\" height=\"705\" src=\"http:\/\/www.moharen.se\/wp-content\/uploads\/2020\/01\/J3Fr9MbQ-1024x705.jpeg\" alt=\"\" class=\"wp-image-2337\" srcset=\"http:\/\/www.moharen.se\/wp-content\/uploads\/2020\/01\/J3Fr9MbQ-1024x705.jpeg 1024w, http:\/\/www.moharen.se\/wp-content\/uploads\/2020\/01\/J3Fr9MbQ-500x344.jpeg 500w, http:\/\/www.moharen.se\/wp-content\/uploads\/2020\/01\/J3Fr9MbQ-768x529.jpeg 768w, http:\/\/www.moharen.se\/wp-content\/uploads\/2020\/01\/J3Fr9MbQ-624x430.jpeg 624w\" sizes=\"(max-width: 1024px) 100vw, 1024px\" \/><figcaption class=\"wp-element-caption\">Moharens Dramm 9 1\/2 m\u00e5nad gammal och har just fixat \u00e4lgsp\u00e5rprovet<\/figcaption><\/figure>\n\n\n\n<figure class=\"wp-block-image\"><img decoding=\"async\" loading=\"lazy\" width=\"768\" height=\"1024\" src=\"http:\/\/www.moharen.se\/wp-content\/uploads\/2020\/01\/d65VVtMQ-768x1024.jpeg\" alt=\"\" class=\"wp-image-2338\" srcset=\"http:\/\/www.moharen.se\/wp-content\/uploads\/2020\/01\/d65VVtMQ-768x1024.jpeg 768w, http:\/\/www.moharen.se\/wp-content\/uploads\/2020\/01\/d65VVtMQ-300x400.jpeg 300w, http:\/\/www.moharen.se\/wp-content\/uploads\/2020\/01\/d65VVtMQ-624x832.jpeg 624w\" sizes=\"(max-width: 768px) 100vw, 768px\" \/><figcaption class=\"wp-element-caption\">Moharens Dramm 9 1\/2 m\u00e5nad gammal<\/figcaption><\/figure>\n","protected":false},"excerpt":{"rendered":"<p>Moharens Dramm \u00e4r charmknutten fr\u00e5n Lunnsas f\u00f6rsta kull som stannade p\u00e5 kenneln. En h\u00e4rlig personlighet med ett fantastiskt lynne. Han bara \u00e4lskar m\u00e4nniskor och andra hundar. Sn\u00e4ll som ett lamm, otroligt rolig hund att jaga med och v\u00e4ldigt snygg att se p\u00e5. Kort sagt, en riktig \u00f6nskehund. Injagningen av Dramm p\u00e5b\u00f6rjades vid septemberjakten 2020 d\u00e5 [&hellip;]<\/p>\n","protected":false},"author":2,"featured_media":0,"parent":7,"menu_order":16,"comment_status":"closed","ping_status":"closed","template":"","meta":{"_mi_skip_tracking":false,"ngg_post_thumbnail":0},"_links":{"self":[{"href":"http:\/\/www.moharen.se\/index.php?rest_route=\/wp\/v2\/pages\/2329"}],"collection":[{"href":"http:\/\/www.moharen.se\/index.php?rest_route=\/wp\/v2\/pages"}],"about":[{"href":"http:\/\/www.moharen.se\/index.php?rest_route=\/wp\/v2\/types\/page"}],"author":[{"embeddable":true,"href":"http:\/\/www.moharen.se\/index.php?rest_route=\/wp\/v2\/users\/2"}],"replies":[{"embeddable":true,"href":"http:\/\/www.moharen.se\/index.php?rest_route=%2Fwp%2Fv2%2Fcomments&post=2329"}],"version-history":[{"count":18,"href":"http:\/\/www.moharen.se\/index.php?rest_route=\/wp\/v2\/pages\/2329\/revisions"}],"predecessor-version":[{"id":2673,"href":"http:\/\/www.moharen.se\/index.php?rest_route=\/wp\/v2\/pages\/2329\/revisions\/2673"}],"up":[{"embeddable":true,"href":"http:\/\/www.moharen.se\/index.php?rest_route=\/wp\/v2\/pages\/7"}],"wp:attachment":[{"href":"http:\/\/www.moharen.se\/index.php?rest_route=%2Fwp%2Fv2%2Fmedia&parent=2329"}],"curies":[{"name":"wp","href":"https:\/\/api.w.org\/{rel}","templated":true}]}}