{"id":2232,"date":"2019-01-09T10:30:10","date_gmt":"2019-01-09T09:30:10","guid":{"rendered":"http:\/\/www.moharen.se\/?page_id=2232"},"modified":"2026-01-06T09:52:06","modified_gmt":"2026-01-06T08:52:06","slug":"planerad-valpkull-2019","status":"publish","type":"page","link":"http:\/\/www.moharen.se\/?page_id=2232","title":{"rendered":"Valpar 2019 D-kullen"},"content":{"rendered":"\n<p>17 mars 2019 f\u00f6ddes Moharens D-kull efter S\u00f6romb\u00e4ckens Lunnsa och Albertssons Hero. Tv\u00e5 mycket jaktstarka individer. Det blev sex valpar f\u00f6rdelat p\u00e5 fyra hanar och tv\u00e5 tikar.<\/p>\n\n\n\n<p>Kullv\u00e4rdet \u00e4r hittills 3\/6 (50%)<\/p>\n\n\n\n<p><a href=\"http:\/\/www.moharen.se\/?page_id=2329\">SE J(L\u00f6)CH NO J(L\u00f6)CH SE UCH NO UCH Moharens Dramm<\/a><br>Jaktprov: 7 x 1:a pris, 1 x 0:a, Vinnare av KM i Sydsvenska 2021, 6:a p\u00e5 \u00c4lghund-SM 2022, 4:a p\u00e5 J\u00e4mthundsm\u00e4sterskapet 2025<br>Utst\u00e4llning: 11 Exc, 11 ck, 1 BIR, 4 x BIM<br>HD A, ED UA<\/p>\n\n\n\n<p><a rel=\"noreferrer noopener\" aria-label=\"Moharens Dio (\u00f6ppnas i en ny flik)\" href=\"http:\/\/www.hittaalghund.se\/dog.asp?Regnummer=SE22851\/2019\" target=\"_blank\">Moharens Dio<\/a><br>Jaktprov: 2 x 1:a pris, 1 x 0:a, 1 x KEB<br>Utst\u00e4llning: Good<br>HD A, ED UA<br><\/p>\n\n\n\n<p><a rel=\"noreferrer noopener\" aria-label=\"Moharens Dunder (\u00f6ppnas i en ny flik)\" href=\"http:\/\/www.hittaalghund.se\/dog.asp?Regnummer=%20SE22852\/2019\" target=\"_blank\">Moharens Dunder<\/a><br>Jaktprov: 2 x 0:a, 2 x KEB<br>Utst\u00e4llning: VG<br>HD A, ED UA<br><\/p>\n\n\n\n<p><a rel=\"noreferrer noopener\" aria-label=\"Moharens Dacke (\u00f6ppnas i en ny flik)\" href=\"http:\/\/www.hittaalghund.se\/dog.asp?Regnummer=%20SE22853\/2019\" target=\"_blank\">Moharens Dacke<\/a><br>Jaktprov: 2 x 0:a<br>Utst\u00e4llning: Good<br>HD A, ED UA<br><\/p>\n\n\n\n<p><a rel=\"noreferrer noopener\" aria-label=\"Moharens Dixi (\u00f6ppnas i en ny flik)\" href=\"http:\/\/www.hittaalghund.se\/dog.asp?Regnummer=%20SE22854\/2019\" target=\"_blank\">Moharens Dixi<\/a><br>Jaktprov: 1 x KEB<br>Utst\u00e4llning: Good<br>HD C, ED UA<br><\/p>\n\n\n\n<p><a rel=\"noreferrer noopener\" aria-label=\" (\u00f6ppnas i en ny flik)\" href=\"http:\/\/www.hittaalghund.se\/dog.asp?regnummer=SE22855\/2019\" target=\"_blank\">SE J(L\u00f6)CH Moharens D\u00e5na<\/a><br>Jaktprov: 3 x 1:a pris, 1 x 0:a, 1 x KEB<br>Utst\u00e4llning: Good<br>HD A, ED UA<br><\/p>\n","protected":false},"excerpt":{"rendered":"<p>17 mars 2019 f\u00f6ddes Moharens D-kull efter S\u00f6romb\u00e4ckens Lunnsa och Albertssons Hero. Tv\u00e5 mycket jaktstarka individer. Det blev sex valpar f\u00f6rdelat p\u00e5 fyra hanar och tv\u00e5 tikar. Kullv\u00e4rdet \u00e4r hittills 3\/6 (50%) SE J(L\u00f6)CH NO J(L\u00f6)CH SE UCH NO UCH Moharens DrammJaktprov: 7 x 1:a pris, 1 x 0:a, Vinnare av KM i Sydsvenska 2021, [&hellip;]<\/p>\n","protected":false},"author":2,"featured_media":0,"parent":2033,"menu_order":1,"comment_status":"closed","ping_status":"closed","template":"","meta":{"_mi_skip_tracking":false,"ngg_post_thumbnail":0},"_links":{"self":[{"href":"http:\/\/www.moharen.se\/index.php?rest_route=\/wp\/v2\/pages\/2232"}],"collection":[{"href":"http:\/\/www.moharen.se\/index.php?rest_route=\/wp\/v2\/pages"}],"about":[{"href":"http:\/\/www.moharen.se\/index.php?rest_route=\/wp\/v2\/types\/page"}],"author":[{"embeddable":true,"href":"http:\/\/www.moharen.se\/index.php?rest_route=\/wp\/v2\/users\/2"}],"replies":[{"embeddable":true,"href":"http:\/\/www.moharen.se\/index.php?rest_route=%2Fwp%2Fv2%2Fcomments&post=2232"}],"version-history":[{"count":14,"href":"http:\/\/www.moharen.se\/index.php?rest_route=\/wp\/v2\/pages\/2232\/revisions"}],"predecessor-version":[{"id":2658,"href":"http:\/\/www.moharen.se\/index.php?rest_route=\/wp\/v2\/pages\/2232\/revisions\/2658"}],"up":[{"embeddable":true,"href":"http:\/\/www.moharen.se\/index.php?rest_route=\/wp\/v2\/pages\/2033"}],"wp:attachment":[{"href":"http:\/\/www.moharen.se\/index.php?rest_route=%2Fwp%2Fv2%2Fmedia&parent=2232"}],"curies":[{"name":"wp","href":"https:\/\/api.w.org\/{rel}","templated":true}]}}