{"id":2215,"date":"2019-01-07T20:54:13","date_gmt":"2019-01-07T19:54:13","guid":{"rendered":"http:\/\/www.moharen.se\/?page_id=2215"},"modified":"2019-01-09T10:46:35","modified_gmt":"2019-01-09T09:46:35","slug":"jaktprov-18-11-20","status":"publish","type":"page","link":"http:\/\/www.moharen.se\/?page_id=2215","title":{"rendered":"Jaktprov 18-11-20 1:a"},"content":{"rendered":"\n<p>Pris: 1:a<br>Po\u00e4ng: 89,5<br><a href=\"http:\/\/www.hittaalghund.se\/Prov_Main.asp?regnummer=SE38522\/2015&amp;provdatum=20181120&amp;HundNamn=&amp;provdata_id=115389\" target=\"_blank\" rel=\"noreferrer noopener\" aria-label=\"L\u00e4nk till hitta\u00e4lghund (opens in a new tab)\">L\u00e4nk till hitta\u00e4lghund<\/a><\/p>\n","protected":false},"excerpt":{"rendered":"<p>Pris: 1:aPo\u00e4ng: 89,5L\u00e4nk till hitta\u00e4lghund<\/p>\n","protected":false},"author":2,"featured_media":0,"parent":1924,"menu_order":7,"comment_status":"closed","ping_status":"closed","template":"","meta":{"_mi_skip_tracking":false,"ngg_post_thumbnail":0},"_links":{"self":[{"href":"http:\/\/www.moharen.se\/index.php?rest_route=\/wp\/v2\/pages\/2215"}],"collection":[{"href":"http:\/\/www.moharen.se\/index.php?rest_route=\/wp\/v2\/pages"}],"about":[{"href":"http:\/\/www.moharen.se\/index.php?rest_route=\/wp\/v2\/types\/page"}],"author":[{"embeddable":true,"href":"http:\/\/www.moharen.se\/index.php?rest_route=\/wp\/v2\/users\/2"}],"replies":[{"embeddable":true,"href":"http:\/\/www.moharen.se\/index.php?rest_route=%2Fwp%2Fv2%2Fcomments&post=2215"}],"version-history":[{"count":2,"href":"http:\/\/www.moharen.se\/index.php?rest_route=\/wp\/v2\/pages\/2215\/revisions"}],"predecessor-version":[{"id":2236,"href":"http:\/\/www.moharen.se\/index.php?rest_route=\/wp\/v2\/pages\/2215\/revisions\/2236"}],"up":[{"embeddable":true,"href":"http:\/\/www.moharen.se\/index.php?rest_route=\/wp\/v2\/pages\/1924"}],"wp:attachment":[{"href":"http:\/\/www.moharen.se\/index.php?rest_route=%2Fwp%2Fv2%2Fmedia&parent=2215"}],"curies":[{"name":"wp","href":"https:\/\/api.w.org\/{rel}","templated":true}]}}