{"id":21,"date":"2010-05-13T12:58:21","date_gmt":"2010-05-13T10:58:21","guid":{"rendered":"http:\/\/www.moharen.se\/?page_id=21"},"modified":"2010-05-13T22:01:49","modified_gmt":"2010-05-13T20:01:49","slug":"utstallnigsmeriter","status":"publish","type":"page","link":"http:\/\/www.moharen.se\/?page_id=21","title":{"rendered":"Utst\u00e4llningsmeriter"},"content":{"rendered":"<p>Birka \u00e4r utst\u00e4lld tv\u00e5 g\u00e5nger. V\u00e5ren 2009 d\u00f6mde Tomas Eriksson henne i juniorklass med <a href=\"http:\/\/www.alghundklubben.com\/_jyckedata\/Jycke_Ust_Text.asp?Provdatum=%2020090510&amp;Provnr=2&amp;Regnummer=S31441\/2008&amp;Hnamn=F%C4LLESTRANDS%20BIRKA&amp;Champ=\" target=\"_blank\">1:a junkl, R junkk som resultat<\/a>. V\u00e5ren 2010 d\u00f6mde Kerstin Henriksson henne i <a href=\"http:\/\/www.alghundklubben.com\/_jyckedata\/Jycke_Ust_Text.asp?Provdatum=%2020100130&amp;Provnr=2&amp;Regnummer=S31441\/2008&amp;Hnamn=F%C4LLESTRANDS%20BIRKA&amp;Champ=\" target=\"_blank\">jaktklass och d\u00e5 tilldelades hon 2:a jkl.<\/a><\/p>\n<p><a href=\"http:\/\/www.moharen.se\/wp-content\/uploads\/2010\/05\/birka001.jpg\"><img decoding=\"async\" loading=\"lazy\" class=\"alignnone size-full wp-image-23\" title=\"birka001\" src=\"http:\/\/www.moharen.se\/wp-content\/uploads\/2010\/05\/birka001.jpg\" alt=\"\" width=\"600\" height=\"474\" srcset=\"http:\/\/www.moharen.se\/wp-content\/uploads\/2010\/05\/birka001.jpg 600w, http:\/\/www.moharen.se\/wp-content\/uploads\/2010\/05\/birka001-300x237.jpg 300w\" sizes=\"(max-width: 600px) 100vw, 600px\" \/><\/a><\/p>\n","protected":false},"excerpt":{"rendered":"<p>Birka \u00e4r utst\u00e4lld tv\u00e5 g\u00e5nger. V\u00e5ren 2009 d\u00f6mde Tomas Eriksson henne i juniorklass med 1:a junkl, R junkk som resultat. V\u00e5ren 2010 d\u00f6mde Kerstin Henriksson henne i jaktklass och d\u00e5 tilldelades hon 2:a jkl.<\/p>\n","protected":false},"author":2,"featured_media":0,"parent":11,"menu_order":0,"comment_status":"open","ping_status":"open","template":"","meta":{"_mi_skip_tracking":false,"ngg_post_thumbnail":0},"_links":{"self":[{"href":"http:\/\/www.moharen.se\/index.php?rest_route=\/wp\/v2\/pages\/21"}],"collection":[{"href":"http:\/\/www.moharen.se\/index.php?rest_route=\/wp\/v2\/pages"}],"about":[{"href":"http:\/\/www.moharen.se\/index.php?rest_route=\/wp\/v2\/types\/page"}],"author":[{"embeddable":true,"href":"http:\/\/www.moharen.se\/index.php?rest_route=\/wp\/v2\/users\/2"}],"replies":[{"embeddable":true,"href":"http:\/\/www.moharen.se\/index.php?rest_route=%2Fwp%2Fv2%2Fcomments&post=21"}],"version-history":[{"count":4,"href":"http:\/\/www.moharen.se\/index.php?rest_route=\/wp\/v2\/pages\/21\/revisions"}],"predecessor-version":[{"id":26,"href":"http:\/\/www.moharen.se\/index.php?rest_route=\/wp\/v2\/pages\/21\/revisions\/26"}],"up":[{"embeddable":true,"href":"http:\/\/www.moharen.se\/index.php?rest_route=\/wp\/v2\/pages\/11"}],"wp:attachment":[{"href":"http:\/\/www.moharen.se\/index.php?rest_route=%2Fwp%2Fv2%2Fmedia&parent=21"}],"curies":[{"name":"wp","href":"https:\/\/api.w.org\/{rel}","templated":true}]}}