{"id":1720,"date":"2015-07-22T21:10:59","date_gmt":"2015-07-22T19:10:59","guid":{"rendered":"http:\/\/www.moharen.se\/?page_id=1720"},"modified":"2021-08-24T17:14:39","modified_gmt":"2021-08-24T15:14:39","slug":"sorombackens-lunnsa","status":"publish","type":"page","link":"http:\/\/www.moharen.se\/?page_id=1720","title":{"rendered":"SE J(L\u00f6)CH NO J(L\u00f6)CH S\u00f6romb\u00e4ckens Lunnsa"},"content":{"rendered":"<p><img decoding=\"async\" loading=\"lazy\" class=\"alignnone size-medium wp-image-2257\" src=\"http:\/\/www.moharen.se\/wp-content\/uploads\/2019\/01\/lunnsa-500x366.jpg\" alt=\"\" width=\"500\" height=\"366\" srcset=\"http:\/\/www.moharen.se\/wp-content\/uploads\/2019\/01\/lunnsa-500x366.jpg 500w, http:\/\/www.moharen.se\/wp-content\/uploads\/2019\/01\/lunnsa-768x563.jpg 768w, http:\/\/www.moharen.se\/wp-content\/uploads\/2019\/01\/lunnsa-1024x750.jpg 1024w, http:\/\/www.moharen.se\/wp-content\/uploads\/2019\/01\/lunnsa-624x457.jpg 624w\" sizes=\"(max-width: 500px) 100vw, 500px\" \/><br \/>SE J(L\u00f6)CH NO J(L\u00f6)CH S\u00f6romb\u00e4ckens Lunnsa<\/p>\n<p>Lunnsa kom till familjen sommaren 2015 och hon \u00e4r verkligen en h\u00e4rlig familjehund n\u00e4r hon \u00e4r hemma men en fullst\u00e4ndig jaktmaskin i skogen.\u00a0<\/p>\n<p>F\u00f6rsta g\u00e5ngen jag hade kontakt med S\u00f6romb\u00e4ckens kennel var redan 2006 i samband med ett reportage om deras stamtik, Pansatorps Rista. Gillade hundarna och pratade redan d\u00e5 med Peter Jansson om m\u00f6jligheten att k\u00f6pa en valp. Av olika anledningar har det dr\u00f6jt men 2015 passade det bra och vi fick k\u00f6pa en av de tv\u00e5 valparna ur kullen med S\u00f6romb\u00e4ckens Greta och Kougstabackens Loke. I mina \u00f6gon en kombination som inte l\u00e4mnar mycket \u00f6vrigt att \u00f6nska. P\u00e5 ena sidan Greta som \u00e4r Sveriges b\u00e4sta tik g\u00e4llande ned\u00e4rvning och p\u00e5 andra sidan Loke med som har Kougstabackens Isa och Recec Rio bakom sig, tv\u00e5 individer som verkligen imponerat p\u00e5 mig.<\/p>\n<p>Lunnsa var tidigt jaktmogen och sk\u00e4llde fulla dagar redan f\u00f6rsta h\u00f6sten. L\u00e5nga f\u00f6rf\u00f6ljande fr\u00e5n f\u00f6rsta \u00e4lgkontakten men ack s\u00e5 viktigt, klockren \u00e5terg\u00e5ng n\u00e4r hon sl\u00e4pper och v\u00e4nder tillbaka. En egenskap som jag anser \u00e4r A och O f\u00f6r en fungerande j\u00e4mthund.<br \/>Lunnsa har ett medf\u00f6tt bra s\u00f6k och hon funkar lika bra i s\u00f6dra Sverige som i Norra, dock ska inte s\u00e5terna vara f\u00f6r sm\u00e5 f\u00f6r att passa hennes s\u00f6kturer som ofta \u00e4r upp mot 1 km.<\/p>\n<p>Lunnsa meriterades p\u00e5 jaktprov redan f\u00f6rsta s\u00e4songen med ett tredjepris p\u00e5 en kr\u00e5nglig kviga som var mycket sv\u00e5r att f\u00e5 stopp p\u00e5. Andra s\u00e4songen blev inga jaktprov p\u00e5 grund av en tragedi i familjen.\u00a0<br \/>H\u00f6sten 2018, Lunnsa tredje s\u00e4song och hon \u00e4r nu drygt tre \u00e5r s\u00e5 startar hon p\u00e5 tre jaktprov inom 18 dagar och fixar tre f\u00f6rstapris med fina po\u00e4ng. 89,5, 88 och 73,5. Sett till hennes egenskapsindex p\u00e5 jaktprov s\u00e5 ligger hon \u00f6ver rasmedel p\u00e5 samtliga egenskaper med utm\u00e4rkande h\u00f6gt p\u00e5 vissa av dom.<\/p>\n<p>H\u00f6sten 2019 var vi \u00f6ver till Norge och startade p\u00e5 2-dagarsprov. Lunnsa gjorde inte heller denna g\u00e5ng husse besviken. \u00d6ver 7 timmar sk\u00e4llning b\u00e5da dagarna och domarna tilldelade henne 83,5 po\u00e4ng respektive 80,5 po\u00e4ng. D\u00e4rmed klar med sitt norska jaktchampionat NO J(L\u00f6)CH<\/p>\n<p>Exteri\u00f6rt \u00e4r hon v\u00e4l sammansatt med utm\u00e4rkta rasdetaljer. Inte extremt tidigt utvecklad med som 3-\u00e5ring s\u00e5 har hon en b\u00e5de vacker och funktionell exteri\u00f6r. Hon har CK p\u00e5 utst\u00e4llning i jaktklass.<\/p>\n<p><img decoding=\"async\" loading=\"lazy\" class=\"size-medium wp-image-1913\" src=\"http:\/\/www.moharen.se\/wp-content\/uploads\/2017\/02\/lunnsa-ut-500x383.jpg\" alt=\"Lunnsa, 1 \u00e5r 10 m\u00e5nader\" width=\"500\" height=\"383\" srcset=\"http:\/\/www.moharen.se\/wp-content\/uploads\/2017\/02\/lunnsa-ut-500x383.jpg 500w, http:\/\/www.moharen.se\/wp-content\/uploads\/2017\/02\/lunnsa-ut-1024x785.jpg 1024w, http:\/\/www.moharen.se\/wp-content\/uploads\/2017\/02\/lunnsa-ut.jpg 1500w\" sizes=\"(max-width: 500px) 100vw, 500px\" \/> <br \/>Lunnsa, 1 \u00e5r 10 m\u00e5nader<\/p>\n<p>Hon v\u00e4xer till sig den lilla damen. Drygt 10 m\u00e5nader p\u00e5 bilden nedan<\/p>\n<p><a href=\"http:\/\/www.moharen.se\/wp-content\/uploads\/2016\/04\/img_7980.jpg\"><img decoding=\"async\" loading=\"lazy\" class=\"alignnone size-medium wp-image-1811\" src=\"http:\/\/www.moharen.se\/wp-content\/uploads\/2016\/04\/img_7980-500x361.jpg\" alt=\"img_7980.jpg\" width=\"500\" height=\"361\" srcset=\"http:\/\/www.moharen.se\/wp-content\/uploads\/2016\/04\/img_7980-500x361.jpg 500w, http:\/\/www.moharen.se\/wp-content\/uploads\/2016\/04\/img_7980-1024x739.jpg 1024w\" sizes=\"(max-width: 500px) 100vw, 500px\" \/><\/a><br \/>V\u00e5rt nya charmtroll p\u00e5 j\u00e4mthundsidan, S\u00f6romb\u00e4ckens Lunnsa<\/p>\n<p><img decoding=\"async\" loading=\"lazy\" class=\"alignnone size-medium wp-image-1721\" src=\"http:\/\/www.moharen.se\/wp-content\/uploads\/2015\/07\/2015-07-22-16.08.531-500x375.jpg\" alt=\"2015-07-22 16.08.53\" width=\"500\" height=\"375\" srcset=\"http:\/\/www.moharen.se\/wp-content\/uploads\/2015\/07\/2015-07-22-16.08.531-500x375.jpg 500w, http:\/\/www.moharen.se\/wp-content\/uploads\/2015\/07\/2015-07-22-16.08.531-1024x768.jpg 1024w\" sizes=\"(max-width: 500px) 100vw, 500px\" \/><\/p>\n<p><a href=\"http:\/\/www.hittaalghund.se\/dog.asp?Regnummer=SE38522\/2015\" target=\"_blank\" rel=\"noopener\">Klicka h\u00e4r f\u00f6r att se stamtavla p\u00e5 hitta\u00e4lghund<\/a><\/p>\n\n\n<figure class=\"wp-block-image\"><img alt=\"\"\/><\/figure>\n","protected":false},"excerpt":{"rendered":"<p>SE J(L\u00f6)CH NO J(L\u00f6)CH S\u00f6romb\u00e4ckens Lunnsa Lunnsa kom till familjen sommaren 2015 och hon \u00e4r verkligen en h\u00e4rlig familjehund n\u00e4r hon \u00e4r hemma men en fullst\u00e4ndig jaktmaskin i skogen.\u00a0 F\u00f6rsta g\u00e5ngen jag hade kontakt med S\u00f6romb\u00e4ckens kennel var redan 2006 i samband med ett reportage om deras stamtik, Pansatorps Rista. Gillade hundarna och pratade redan [&hellip;]<\/p>\n","protected":false},"author":2,"featured_media":0,"parent":7,"menu_order":12,"comment_status":"closed","ping_status":"open","template":"","meta":{"_mi_skip_tracking":false,"ngg_post_thumbnail":0},"_links":{"self":[{"href":"http:\/\/www.moharen.se\/index.php?rest_route=\/wp\/v2\/pages\/1720"}],"collection":[{"href":"http:\/\/www.moharen.se\/index.php?rest_route=\/wp\/v2\/pages"}],"about":[{"href":"http:\/\/www.moharen.se\/index.php?rest_route=\/wp\/v2\/types\/page"}],"author":[{"embeddable":true,"href":"http:\/\/www.moharen.se\/index.php?rest_route=\/wp\/v2\/users\/2"}],"replies":[{"embeddable":true,"href":"http:\/\/www.moharen.se\/index.php?rest_route=%2Fwp%2Fv2%2Fcomments&post=1720"}],"version-history":[{"count":10,"href":"http:\/\/www.moharen.se\/index.php?rest_route=\/wp\/v2\/pages\/1720\/revisions"}],"predecessor-version":[{"id":2477,"href":"http:\/\/www.moharen.se\/index.php?rest_route=\/wp\/v2\/pages\/1720\/revisions\/2477"}],"up":[{"embeddable":true,"href":"http:\/\/www.moharen.se\/index.php?rest_route=\/wp\/v2\/pages\/7"}],"wp:attachment":[{"href":"http:\/\/www.moharen.se\/index.php?rest_route=%2Fwp%2Fv2%2Fmedia&parent=1720"}],"curies":[{"name":"wp","href":"https:\/\/api.w.org\/{rel}","templated":true}]}}