{"id":1414,"date":"2013-05-06T08:14:04","date_gmt":"2013-05-06T06:14:04","guid":{"rendered":"http:\/\/www.moharen.se\/?page_id=1414"},"modified":"2023-05-25T06:19:01","modified_gmt":"2023-05-25T04:19:01","slug":"utstallningsmeriter","status":"publish","type":"page","link":"http:\/\/www.moharen.se\/?page_id=1414","title":{"rendered":"Utst\u00e4llningsmeriter"},"content":{"rendered":"<p><strong>Moheda 2023-05-13<\/strong><br \/>\n<strong>Klass:&nbsp;<\/strong>Veteranklass<br \/>\n<strong>Domare:<\/strong>&nbsp;Arnstein Hagen<br \/>\n<strong>Kritik:&nbsp;<\/strong>57 cm.<br \/>\n<strong>Resultat:<\/strong>&nbsp;Excellent Vetkl, 1 Vetkk, CK, 1 Btkl, BIR, BIS-11-Veteran, BIS-1<\/p>\n<p><strong>Moheda 2021-08-01<\/strong><br \/>\n<strong>Klass:&nbsp;<\/strong>Veteranklass<br \/>\n<strong>Domare:<\/strong>&nbsp;Gunnar Furvik<br \/>\n<strong>Kritik:&nbsp;<\/strong>57 cm.<br \/>\n<strong>Resultat:<\/strong>&nbsp;Excellent Vetkl, 1 Vetkk<\/p>\n<p><strong>Eksj\u00f6 2018-09-30<\/strong><br \/>\n<strong>Klass:&nbsp;<\/strong>Championklass<br \/>\n<strong>Domare:<\/strong>&nbsp;Nils-Arne T\u00f6rnl\u00f6v<br \/>\n<strong>Kritik:&nbsp;<\/strong>58 cm.<br \/>\n<strong>Resultat:<\/strong>&nbsp;Excellent Chkl, 1 Chkk, CK, 3 Btkl<\/p>\n<p><strong>Moheda&nbsp;2017-02-12<\/strong><br \/>\n<strong>Klass:&nbsp;<\/strong>Championklass<br \/>\n<strong>Domare:<\/strong>&nbsp;Boo Lundstr\u00f6m<br \/>\n<strong>Kritik:&nbsp;<\/strong>58 cm.<br \/>\n<strong>Resultat:<\/strong>&nbsp;Excellent Chkl, 1 Chkk, CK, 1 Btkl, BIM<\/p>\n<p><strong>V\u00e4xj\u00f6 (SKK)&nbsp;2016-03-19<\/strong><br \/>\n<strong>Klass:&nbsp;<\/strong>Jaktklass<br \/>\n<strong>Domare:<\/strong>&nbsp;Gunnar Nymann<br \/>\n<strong>Kritik:&nbsp;<\/strong>58 cm.<br \/>\n<strong>Resultat:<\/strong>&nbsp;VG Jkl, 1 Jkk<\/p>\n<p><strong>\u00c5sele&nbsp;2016-03-19<\/strong><br \/>\n<strong>Klass:&nbsp;<\/strong>Jaktklass<br \/>\n<strong>Domare:<\/strong>&nbsp;Arild Berget<br \/>\n<strong>Kritik:&nbsp;<\/strong>58 cm.<br \/>\n<strong>Resultat:<\/strong>&nbsp;Excellent Jkl, 4 Jkk, CK<\/p>\n<p><strong>Moheda&nbsp;2016-02-14<\/strong><br \/>\n<strong>Klass:&nbsp;<\/strong>Jaktklass<br \/>\n<strong>Domare:<\/strong>&nbsp;Liz-Beth C Liljeqvist<br \/>\n<strong>Kritik:&nbsp;<\/strong>58 cm.<br \/>\n<strong>Resultat:<\/strong>&nbsp;Excellent Jkl, 2 Jkk, CK, R-Cert<\/p>\n<p><strong>Timmele (V\u00e4la)&nbsp;2016-02-06<\/strong><br \/>\n<strong>Klass<\/strong>: Jaktklass<br \/>\n<strong>Domare<\/strong>:&nbsp;Boo Lundstr\u00f6m<br \/>\n<strong>Kritik<\/strong>:&nbsp;58 cm.<br \/>\n<strong>Resultat<\/strong>:&nbsp;Excellent&nbsp;Jkl. 1 Jkk, 1 Btkl, CK, Cert,&nbsp;BIM<\/p>\n<p><strong>Moheda&nbsp;2015-02-15<\/strong><br \/>\n<strong>Klass:&nbsp;<\/strong>\u00d6ppenklass<br \/>\n<strong>Domare:<\/strong>&nbsp;Ewa Nielsen<br \/>\n<strong>Kritik:&nbsp;<\/strong>58 cm.&nbsp;Tik p\u00e5 den st\u00f6rre sidan men med bra proportioner. Feminint huvud, fint yttryck. Normalt vinklad. Bra p\u00e4ls och markeringar. Bra svansplacering. Utm\u00e4rkt kondition, st\u00e5r stabilt. R\u00f6r sig med bra steg.<br \/>\n<strong>Resultat:<\/strong>&nbsp;Excellent&nbsp;\u00d6kl, 2 \u00d6kk, CK<\/p>\n<p><strong>R\u00e4ttvik&nbsp;2013-05-11<\/strong><br \/>\n<strong>Klass:&nbsp;<\/strong>Unghundklass<br \/>\n<strong>Domare:<\/strong>&nbsp;Mats Jonsson<br \/>\n<strong>Kritik:&nbsp;<\/strong>58 cm. N\u00e5got luftigt intryck. V\u00e4lskuret huvud, m\u00f6rka vackra \u00f6gon. Mycket bra hals och rygg. Skjuter upp sin l\u00e4nd n\u00e5got. Bra kors, v\u00e4lburen svans. Beh\u00f6ver mer volym i sin br\u00f6stkorg. Tillr\u00e4cklig vinkling och benstomme. Korrekt p\u00e4ls och teckning. L\u00e4tta fina r\u00f6relser.<br \/>\n<strong>Resultat:<\/strong>&nbsp;Very good Unghundsklass, 3:a&nbsp;Unghundkonkurrensklass<\/p>\n<p><strong>R\u00e4ttvik 2013-08-10<\/strong><br \/>\n<strong>Klass:&nbsp;<\/strong>Unghundklass<br \/>\n<strong>Domare:<\/strong>&nbsp;Kerstin Henriksson<br \/>\n<strong>Kritik:&nbsp;<\/strong>57 cm. Vackert huvud, n\u00e5got brett is\u00e4rsittande \u00f6ron. Bra \u00f6gon och bett. Mycket bra hals, kors och svans. \u00c4nnu n\u00e5got grund i sin br\u00f6stkorg. Aningen l\u00e5ng i l\u00e4nden. Passande benstomme. Tillr\u00e4ckliga vinklar. R\u00f6r sig med utm\u00e4rkt v\u00e4gvinnande steg. F\u00f6r dagen ej i b\u00e4sta p\u00e4lskondition.<br \/>\n<strong>Resultat:<\/strong>&nbsp;Very good Unghundklass<\/p>\n<p><strong>Torne 2013-05-18<\/strong><br \/>\n<strong>Klass: <\/strong>Unghundklass<br \/>\n<strong>Domare:<\/strong> Lennart Edfors<br \/>\n<strong>Kritik: <\/strong>57 cm. V\u00e4lskuret huvud med m\u00f6rka \u00f6gon. Utm\u00e4rkt hals, rygg, kors och svans. Mycket bra benstomme vinklar o r\u00f6relser.<br \/>\n<strong>Resultat:<\/strong> Excellent Unghundklass, 1:a Unghundkonkurrensklass, CK, 1:a B\u00e4sta tik, BIM<\/p>\n<p><strong>Hunneberg 2013-05-05<\/strong><br \/>\n<strong>Klass: <\/strong>Juniorklass<br \/>\n<strong>Domare:<\/strong> Rolf Frostad<br \/>\n<strong>Kritik: <\/strong>58 cm, n\u00e5got \u00f6ver medelstorlek av utm\u00e4rkt typ. Bra huvud, fina \u00f6gon och \u00f6ron. God hals och kropp, bra svans. V\u00e4lvinklad med bra benstomme. R\u00f6r sig utm\u00e4rkt. Bra p\u00e4ls och f\u00e4rg.<br \/>\n<strong>Resultat:<\/strong> Excellent Juniorklass, 2:a Juniorkonkurrensklass<\/p>\n<p><strong>Skedhult 2012-09-30<br \/>\nKlass: <\/strong>Valpklass<br \/>\n<strong> Domare:<\/strong> Bo Wallin<br \/>\n<strong> Kritik: <\/strong>Utm\u00e4rkt huvud med m\u00f6rka vackra \u00f6gon. Utm\u00e4rkt hals, \u00f6verlinje och svans. V\u00e4lkroppad med vacker underlinje, aningen \u00f6ppna vinklar, harmoniska r\u00f6relser, utm\u00e4rkta tassar. Kunde haft l\u00e4ngre h\u00e5rlag. V\u00e4lvisad, trevlig<br \/>\n<strong> Resultat: <\/strong>3:a i valpklass, HP<\/p>\n","protected":false},"excerpt":{"rendered":"<p>Moheda 2023-05-13 Klass:&nbsp;Veteranklass Domare:&nbsp;Arnstein Hagen Kritik:&nbsp;57 cm. Resultat:&nbsp;Excellent Vetkl, 1 Vetkk, CK, 1 Btkl, BIR, BIS-11-Veteran, BIS-1 Moheda 2021-08-01 Klass:&nbsp;Veteranklass Domare:&nbsp;Gunnar Furvik Kritik:&nbsp;57 cm. Resultat:&nbsp;Excellent Vetkl, 1 Vetkk Eksj\u00f6 2018-09-30 Klass:&nbsp;Championklass Domare:&nbsp;Nils-Arne T\u00f6rnl\u00f6v Kritik:&nbsp;58 cm. Resultat:&nbsp;Excellent Chkl, 1 Chkk, CK, 3 Btkl Moheda&nbsp;2017-02-12 Klass:&nbsp;Championklass Domare:&nbsp;Boo Lundstr\u00f6m Kritik:&nbsp;58 cm. Resultat:&nbsp;Excellent Chkl, 1 Chkk, CK, 1 Btkl, [&hellip;]<\/p>\n","protected":false},"author":2,"featured_media":0,"parent":989,"menu_order":50,"comment_status":"open","ping_status":"open","template":"","meta":{"_mi_skip_tracking":false,"ngg_post_thumbnail":0},"_links":{"self":[{"href":"http:\/\/www.moharen.se\/index.php?rest_route=\/wp\/v2\/pages\/1414"}],"collection":[{"href":"http:\/\/www.moharen.se\/index.php?rest_route=\/wp\/v2\/pages"}],"about":[{"href":"http:\/\/www.moharen.se\/index.php?rest_route=\/wp\/v2\/types\/page"}],"author":[{"embeddable":true,"href":"http:\/\/www.moharen.se\/index.php?rest_route=\/wp\/v2\/users\/2"}],"replies":[{"embeddable":true,"href":"http:\/\/www.moharen.se\/index.php?rest_route=%2Fwp%2Fv2%2Fcomments&post=1414"}],"version-history":[{"count":13,"href":"http:\/\/www.moharen.se\/index.php?rest_route=\/wp\/v2\/pages\/1414\/revisions"}],"predecessor-version":[{"id":2608,"href":"http:\/\/www.moharen.se\/index.php?rest_route=\/wp\/v2\/pages\/1414\/revisions\/2608"}],"up":[{"embeddable":true,"href":"http:\/\/www.moharen.se\/index.php?rest_route=\/wp\/v2\/pages\/989"}],"wp:attachment":[{"href":"http:\/\/www.moharen.se\/index.php?rest_route=%2Fwp%2Fv2%2Fmedia&parent=1414"}],"curies":[{"name":"wp","href":"https:\/\/api.w.org\/{rel}","templated":true}]}}