{"id":13,"date":"2010-05-13T12:36:48","date_gmt":"2010-05-13T10:36:48","guid":{"rendered":"http:\/\/www.moharen.se\/?page_id=13"},"modified":"2016-02-25T09:20:38","modified_gmt":"2016-02-25T08:20:38","slug":"jaktprovsmeriter","status":"publish","type":"page","link":"http:\/\/www.moharen.se\/?page_id=13","title":{"rendered":"Jaktprovsmeriter"},"content":{"rendered":"<p>Birka \u00e4r startad tre g\u00e5nger p\u00e5 l\u00f6shundsprov med resultat 1:a, 0:a, 1:a, 0:a, 0:a, 1:a<\/p>\n","protected":false},"excerpt":{"rendered":"<p>Birka \u00e4r startad tre g\u00e5nger p\u00e5 l\u00f6shundsprov med resultat 1:a, 0:a, 1:a, 0:a, 0:a, 1:a<\/p>\n","protected":false},"author":1,"featured_media":0,"parent":11,"menu_order":0,"comment_status":"open","ping_status":"open","template":"","meta":{"_mi_skip_tracking":false,"ngg_post_thumbnail":0},"_links":{"self":[{"href":"http:\/\/www.moharen.se\/index.php?rest_route=\/wp\/v2\/pages\/13"}],"collection":[{"href":"http:\/\/www.moharen.se\/index.php?rest_route=\/wp\/v2\/pages"}],"about":[{"href":"http:\/\/www.moharen.se\/index.php?rest_route=\/wp\/v2\/types\/page"}],"author":[{"embeddable":true,"href":"http:\/\/www.moharen.se\/index.php?rest_route=\/wp\/v2\/users\/1"}],"replies":[{"embeddable":true,"href":"http:\/\/www.moharen.se\/index.php?rest_route=%2Fwp%2Fv2%2Fcomments&post=13"}],"version-history":[{"count":3,"href":"http:\/\/www.moharen.se\/index.php?rest_route=\/wp\/v2\/pages\/13\/revisions"}],"predecessor-version":[{"id":1747,"href":"http:\/\/www.moharen.se\/index.php?rest_route=\/wp\/v2\/pages\/13\/revisions\/1747"}],"up":[{"embeddable":true,"href":"http:\/\/www.moharen.se\/index.php?rest_route=\/wp\/v2\/pages\/11"}],"wp:attachment":[{"href":"http:\/\/www.moharen.se\/index.php?rest_route=%2Fwp%2Fv2%2Fmedia&parent=13"}],"curies":[{"name":"wp","href":"https:\/\/api.w.org\/{rel}","templated":true}]}}